{"id":750,"date":"2018-11-22T10:00:25","date_gmt":"2018-11-22T10:00:25","guid":{"rendered":"https:\/\/vpd-mettmann.de\/?page_id=750"},"modified":"2023-02-28T12:20:51","modified_gmt":"2023-02-28T11:20:51","slug":"hausmeister","status":"publish","type":"page","link":"https:\/\/vpd-mettmann.de\/?page_id=750","title":{"rendered":"Hausmeisterdienste"},"content":{"rendered":"<p style=\"text-align: left;\"><strong>Wer kann mitmachen:<\/strong><\/p>\n<p style=\"text-align: left;\">Wir bieten Hausmeistert\u00e4tigkeiten f\u00fcr befreundete, gemeinn\u00fctzige Organisationen an.<\/p>\n<p style=\"text-align: left;\"><strong>\u00d6ffnungszeiten:<\/strong><\/p>\n<p style=\"text-align: left;\">Mo-Fr: 08.00 Uhr &#8211; 16.30 Uhr<\/p>\n<p style=\"text-align: left;\"><strong>Adresse:<\/strong><\/p>\n<p style=\"text-align: left;\">Hans-B\u00f6ckler-Str. 18a, 40764 Langenfeld<\/p>\n<p style=\"text-align: left;\"><strong>Ansprechpersonen:<\/strong><\/p>\n<p style=\"text-align: left;\">Thomas Schottke<\/p>\n<p style=\"text-align: left;\">+49 (0) 2173 \/ 5 93 31 54<br \/>\n<a href=\"mailto:hausmeisterdienste@vpd-mettmann.de\">hausmeisterdienste@vpd-mettmann.de<\/a><\/p>\n<p style=\"text-align: left;\"><strong>Wir unterliegen der Schweigepflicht!<\/strong><\/p>\n","protected":false},"excerpt":{"rendered":"<p>Wer kann mitmachen: Wir bieten Hausmeistert\u00e4tigkeiten f\u00fcr befreundete, gemeinn\u00fctzige Organisationen an. \u00d6ffnungszeiten: Mo-Fr: 08.00 Uhr &#8211; 16.30 Uhr Adresse: Hans-B\u00f6ckler-Str. 18a, 40764 Langenfeld Ansprechpersonen: Thomas Schottke +49 (0) 2173 \/ 5 93 31 54 hausmeisterdienste@vpd-mettmann.de Wir unterliegen der Schweigepflicht!<\/p>\n","protected":false},"author":4,"featured_media":0,"parent":211,"menu_order":0,"comment_status":"closed","ping_status":"closed","template":"","meta":{"footnotes":""},"class_list":["post-750","page","type-page","status-publish","hentry"],"_links":{"self":[{"href":"https:\/\/vpd-mettmann.de\/index.php?rest_route=\/wp\/v2\/pages\/750","targetHints":{"allow":["GET"]}}],"collection":[{"href":"https:\/\/vpd-mettmann.de\/index.php?rest_route=\/wp\/v2\/pages"}],"about":[{"href":"https:\/\/vpd-mettmann.de\/index.php?rest_route=\/wp\/v2\/types\/page"}],"author":[{"embeddable":true,"href":"https:\/\/vpd-mettmann.de\/index.php?rest_route=\/wp\/v2\/users\/4"}],"replies":[{"embeddable":true,"href":"https:\/\/vpd-mettmann.de\/index.php?rest_route=%2Fwp%2Fv2%2Fcomments&post=750"}],"version-history":[{"count":21,"href":"https:\/\/vpd-mettmann.de\/index.php?rest_route=\/wp\/v2\/pages\/750\/revisions"}],"predecessor-version":[{"id":3427,"href":"https:\/\/vpd-mettmann.de\/index.php?rest_route=\/wp\/v2\/pages\/750\/revisions\/3427"}],"up":[{"embeddable":true,"href":"https:\/\/vpd-mettmann.de\/index.php?rest_route=\/wp\/v2\/pages\/211"}],"wp:attachment":[{"href":"https:\/\/vpd-mettmann.de\/index.php?rest_route=%2Fwp%2Fv2%2Fmedia&parent=750"}],"curies":[{"name":"wp","href":"https:\/\/api.w.org\/{rel}","templated":true}]}}