{"id":673,"date":"2018-10-11T06:47:49","date_gmt":"2018-10-11T06:47:49","guid":{"rendered":"https:\/\/vpd-mettmann.de\/?page_id=673"},"modified":"2025-09-12T11:20:41","modified_gmt":"2025-09-12T10:20:41","slug":"flyer","status":"publish","type":"page","link":"https:\/\/vpd-mettmann.de\/?page_id=673","title":{"rendered":"Unsere Flyer"},"content":{"rendered":"<p><a href=\"https:\/\/vpd-mettmann.de\/wp-content\/uploads\/2025\/01\/Tagesstaette_2024.pdf\">Tagesst\u00e4tte<\/a><\/p>\n<p><a href=\"https:\/\/vpd-mettmann.de\/wp-content\/uploads\/2025\/09\/Beratung_neu.pdf\">Beratung<\/a><\/p>\n<p><a href=\"https:\/\/vpd-mettmann.de\/wp-content\/uploads\/2025\/09\/PSB_neu.pdf\">Psychosoziale Betreuung<\/a><\/p>\n<p><a href=\"https:\/\/vpd-mettmann.de\/wp-content\/uploads\/2019\/09\/Club-Lichtblick-20190913.pdf\">Club Lichtblick<\/a><\/p>\n<p><a href=\"https:\/\/vpd-mettmann.de\/wp-content\/uploads\/2025\/02\/Cafe_Steinrausch_01_2025.pdf\">Caf\u00e9 Steinrausch<\/a><\/p>\n<p><a href=\"https:\/\/vpd-mettmann.de\/wp-content\/uploads\/2024\/03\/Ambulant-Betreutes-Wohnen-Sucht.pdf\">Ambulant Betreutes Wohnen Sucht<\/a><\/p>\n<p><a href=\"https:\/\/vpd-mettmann.de\/wp-content\/uploads\/2019\/11\/bewo-tu\u0308rkisch_-20190724.pdf\">Ambulant Betreutes Wohnen, t\u00fcrkisch<\/a><\/p>\n<p><a href=\"https:\/\/vpd-mettmann.de\/wp-content\/uploads\/2019\/12\/BeWo-russisch-neu-20190920.pdf\">Ambulant Betreutes Wohnen, russisch<\/a><\/p>\n<p><a href=\"https:\/\/vpd-mettmann.de\/wp-content\/uploads\/2025\/01\/Bewo-Seelisch.pdf\">Ambulant Betreutes Wohnen, seelisch<\/a><\/p>\n<p><a href=\"https:\/\/vpd-mettmann.de\/wp-content\/uploads\/2025\/03\/APP_202503.pdf\">Ambulante Psychiatrische Pflege<\/a><\/p>\n<p><a href=\"https:\/\/vpd-mettmann.de\/wp-content\/uploads\/2025\/08\/Angehoerigengruppe_2024-1-1.pdf\">Angeh\u00f6rigengruppe<\/a><\/p>\n<p><a href=\"https:\/\/vpd-mettmann.de\/wp-content\/uploads\/2025\/04\/Haushaltsnahe-Dienstleistungen-202504.pdf\">Haushaltsnahe Dienstleistungen <\/a><\/p>\n<p><a href=\"https:\/\/vpd-mettmann.de\/wp-content\/uploads\/2021\/03\/Flyer-Kleidertruhe.pdf\">Kleidertruhe<\/a><\/p>\n<p><a href=\"https:\/\/vpd-mettmann.de\/wp-content\/uploads\/2025\/09\/Villa.pdf\">Villa Kalstert<\/a><\/p>\n<p><a href=\"https:\/\/vpd-mettmann.de\/wp-content\/uploads\/2023\/05\/Betriebliche-Qualifizierung-03-2021.pdf\">Betriebliche Qualifizierung<\/a><\/p>\n<p><a href=\"https:\/\/vpd-mettmann.de\/wp-content\/uploads\/2020\/01\/Modellprojekt-Inklusion.pdf\">Modellprojekt Inklusion<\/a><\/p>\n<p><a href=\"https:\/\/vpd-mettmann.de\/wp-content\/uploads\/2021\/08\/VPD-Schreibwerkstatt-flyer-Aktuell-Start-13.August-2021.pdf\">Schreibwerkstatt<\/a><\/p>\n<p><a href=\"https:\/\/vpd-mettmann.de\/wp-content\/uploads\/2025\/09\/Soziotherapie.pdf\">Soziotherapie<\/a><\/p>\n<p><a href=\"https:\/\/vpd-mettmann.de\/wp-content\/uploads\/2023\/11\/Gespraechsgruppe_junge_Rauschmittelkonsumenten.pdf\">Gespr\u00e4chsgruppe junge Rauschmittelkonsumenten<\/a><\/p>\n<p><a href=\"https:\/\/vpd-mettmann.de\/wp-content\/uploads\/2025\/03\/DBT_202503.pdf\">Skills-Gruppe \/ DBT<\/a><\/p>\n<p>&nbsp;<\/p>\n","protected":false},"excerpt":{"rendered":"<p>Tagesst\u00e4tte Beratung Psychosoziale Betreuung Club Lichtblick Caf\u00e9 Steinrausch Ambulant Betreutes Wohnen Sucht Ambulant Betreutes Wohnen, t\u00fcrkisch Ambulant Betreutes Wohnen, russisch Ambulant Betreutes Wohnen, seelisch Ambulante Psychiatrische Pflege Angeh\u00f6rigengruppe Haushaltsnahe Dienstleistungen Kleidertruhe Villa Kalstert Betriebliche Qualifizierung Modellprojekt Inklusion Schreibwerkstatt Soziotherapie Gespr\u00e4chsgruppe junge Rauschmittelkonsumenten Skills-Gruppe \/ DBT &nbsp;<\/p>\n","protected":false},"author":4,"featured_media":0,"parent":411,"menu_order":0,"comment_status":"closed","ping_status":"closed","template":"","meta":{"footnotes":""},"class_list":["post-673","page","type-page","status-publish","hentry"],"_links":{"self":[{"href":"https:\/\/vpd-mettmann.de\/index.php?rest_route=\/wp\/v2\/pages\/673","targetHints":{"allow":["GET"]}}],"collection":[{"href":"https:\/\/vpd-mettmann.de\/index.php?rest_route=\/wp\/v2\/pages"}],"about":[{"href":"https:\/\/vpd-mettmann.de\/index.php?rest_route=\/wp\/v2\/types\/page"}],"author":[{"embeddable":true,"href":"https:\/\/vpd-mettmann.de\/index.php?rest_route=\/wp\/v2\/users\/4"}],"replies":[{"embeddable":true,"href":"https:\/\/vpd-mettmann.de\/index.php?rest_route=%2Fwp%2Fv2%2Fcomments&post=673"}],"version-history":[{"count":110,"href":"https:\/\/vpd-mettmann.de\/index.php?rest_route=\/wp\/v2\/pages\/673\/revisions"}],"predecessor-version":[{"id":4239,"href":"https:\/\/vpd-mettmann.de\/index.php?rest_route=\/wp\/v2\/pages\/673\/revisions\/4239"}],"up":[{"embeddable":true,"href":"https:\/\/vpd-mettmann.de\/index.php?rest_route=\/wp\/v2\/pages\/411"}],"wp:attachment":[{"href":"https:\/\/vpd-mettmann.de\/index.php?rest_route=%2Fwp%2Fv2%2Fmedia&parent=673"}],"curies":[{"name":"wp","href":"https:\/\/api.w.org\/{rel}","templated":true}]}}