{"id":627,"date":"2018-07-25T09:58:54","date_gmt":"2018-07-25T09:58:54","guid":{"rendered":"https:\/\/vpd-mettmann.de\/?page_id=627"},"modified":"2025-03-13T13:16:11","modified_gmt":"2025-03-13T12:16:11","slug":"627-2","status":"publish","type":"page","link":"https:\/\/vpd-mettmann.de\/?page_id=627","title":{"rendered":"Ambulante Psychiatrische Pflege"},"content":{"rendered":"<p style=\"text-align: left;\"><strong>Angebot<\/strong>:<\/p>\n<p style=\"text-align: left;\">Ambulante psychiatrische Pflege richtet sich an psychisch kranke Menschen, um diese im h\u00e4uslichen Umfeld zu stabilisieren und zu aktivieren. Unser Ziel ist es, Ihnen zu einer eigenst\u00e4ndigen und selbstverantwortlichen Lebensf\u00fchrung zu verhelfen.<\/p>\n<p style=\"text-align: left;\">Unsere Hilfen orientieren sich individuell an Ihren Bed\u00fcrfnissen.<\/p>\n<p style=\"text-align: left;\"><strong>Wer kann mitmachen:<\/strong><\/p>\n<p style=\"text-align: left;\">Menschen mit einer akuten psychiatrischen Erkrankung als Pflichtleistung der Krankenkasse f\u00fcr l\u00e4ngstens 4 Monate m\u00f6glich.<\/p>\n<p style=\"text-align: left;\"><strong>\u00d6ffnungszeiten:<\/strong><\/p>\n<p style=\"text-align: left;\">Termine nach Vereinbarung.<\/p>\n<p style=\"text-align: left;\"><strong>Adresse:<br \/>\n<\/strong><br \/>\nHitdorfer Str. 10, 40764 Langenfeld<\/p>\n<p style=\"text-align: left;\"><strong>Das m\u00f6chten wir unbedingt mitteilen:<br \/>\n<\/strong><\/p>\n<p style=\"text-align: left;\">Das Angebot dient:<\/p>\n<ul style=\"text-align: left;\">\n<li>der Krankenhausvermeidung<\/li>\n<li>der Nachsorge nach Krankenhausaufenthalt<\/li>\n<li>der Stabilisierung im pers\u00f6nlichen Umfeld, auch wenn gew\u00fcnscht unter Einbeziehung der Angeh\u00f6rigen<\/li>\n<li>dem Erkennen und der Bew\u00e4ltigung von Krisen<\/li>\n<li>dem Erkennen von Fr\u00fchwarnzeichen<\/li>\n<li>der Entwicklung eines Krisenvorsorgeplans<\/li>\n<li>der Unterst\u00fctzung in der Tagesstruktur<\/li>\n<li>der Freizeitgestaltung<\/li>\n<li>der Begleitung von weiterf\u00fchrenden Angeboten u.\u00e4.<\/li>\n<\/ul>\n<p style=\"text-align: left;\"><strong>Das ist uns besonders wichtig:<\/strong><\/p>\n<ul style=\"text-align: left;\">\n<li>Die Zugangsvoraussetzungen sind besondere psychiatrische Diagnosen.<\/li>\n<li>Unterst\u00fctzung durch ein Case Management \/ Bezugsperson.<\/li>\n<\/ul>\n<p style=\"text-align: left;\"><strong>Wer ist der Kooperationspartner?<\/strong><\/p>\n<p style=\"text-align: left;\">Entweder ein behandelnder niedergelassener Psychiater\/-in oder eine der Institutsambulanzen der Fachklinik.<br \/>\nDazu ist eine \u00e4rztliche Verordnung mit einem Behandlungsplan erforderlich.<\/p>\n<p style=\"text-align: left;\"><strong>Besondere Hinweise:<\/strong><\/p>\n<p style=\"text-align: left;\">Zum Beratungsgespr\u00e4ch besteht die M\u00f6glichkeit, einen Sprach- und Integrationsmittler hinzuzuziehen. Es besteht eine Zuzahlungspflicht entsprechend der h\u00e4uslichen Versorgung von max. 10% der Leistung (zuzahlungsfreie Betroffene sind davon ausgenommen).<\/p>\n<p style=\"text-align: left;\">Gerne helfen wir Ihnen hier auch bei der Pr\u00fcfung Ihrer Anspr\u00fcche.<\/p>\n<p style=\"text-align: left;\"><strong>Ansprechpersonen:<\/strong><\/p>\n<p>Anne Sichtig,\u00a0 Pflegedienst- und Teamleitung<\/p>\n<p><img loading=\"lazy\" decoding=\"async\" class=\"wp-image-3814 size-thumbnail\" src=\"https:\/\/vpd-mettmann.de\/wp-content\/uploads\/2024\/03\/Foto-Anne-scaled-e1710239335820-150x150.jpg\" alt=\"\" width=\"150\" height=\"150\" \/><\/p>\n<p><a href=\"mailto:leitung-sozialstation@vpd-mettmann.de\">leitung-sozialstation@vpd-mettmann.de<\/a><\/p>\n<p>Tel.: +49 (0) 21 73 \/ 89 31 11 99<br \/>\nTel.: +49 (0) 178 \/ 9 27 93 65<br \/>\nFax: +49 (0) 2173 \/ 89 31 12 35<\/p>\n<p style=\"text-align: left;\"><strong>Wir unterliegen der Schweigepflicht!<\/strong><\/p>\n<p style=\"text-align: left;\"><strong>Flyer:<\/strong><\/p>\n<p style=\"text-align: left;\"><a href=\"https:\/\/vpd-mettmann.de\/wp-content\/uploads\/2025\/03\/APP-202503.pdf\">Ambulante Psychiatrische Pflege<\/a><\/p>\n","protected":false},"excerpt":{"rendered":"<p>Angebot: Ambulante psychiatrische Pflege richtet sich an psychisch kranke Menschen, um diese im h\u00e4uslichen Umfeld zu stabilisieren und zu aktivieren. Unser Ziel ist es, Ihnen zu einer eigenst\u00e4ndigen und selbstverantwortlichen Lebensf\u00fchrung zu verhelfen. Unsere Hilfen orientieren sich individuell an Ihren Bed\u00fcrfnissen. Wer kann mitmachen: Menschen mit einer akuten psychiatrischen Erkrankung als Pflichtleistung der Krankenkasse f\u00fcr l\u00e4ngstens 4 Monate m\u00f6glich. \u00d6ffnungszeiten: Termine nach Vereinbarung. Adresse: Hitdorfer Str. 10, 40764 Langenfeld Das m\u00f6chten wir unbedingt mitteilen: Das Angebot dient: der Krankenhausvermeidung der&#8230;<\/p>\n<p class=\"read-more\"><a class=\"btn btn-default\" href=\"https:\/\/vpd-mettmann.de\/?page_id=627\">Weiterlesen<span class=\"screen-reader-text\"> Weiterlesen<\/span><\/a><\/p>\n","protected":false},"author":4,"featured_media":0,"parent":211,"menu_order":0,"comment_status":"closed","ping_status":"closed","template":"","meta":{"footnotes":""},"class_list":["post-627","page","type-page","status-publish","hentry"],"_links":{"self":[{"href":"https:\/\/vpd-mettmann.de\/index.php?rest_route=\/wp\/v2\/pages\/627","targetHints":{"allow":["GET"]}}],"collection":[{"href":"https:\/\/vpd-mettmann.de\/index.php?rest_route=\/wp\/v2\/pages"}],"about":[{"href":"https:\/\/vpd-mettmann.de\/index.php?rest_route=\/wp\/v2\/types\/page"}],"author":[{"embeddable":true,"href":"https:\/\/vpd-mettmann.de\/index.php?rest_route=\/wp\/v2\/users\/4"}],"replies":[{"embeddable":true,"href":"https:\/\/vpd-mettmann.de\/index.php?rest_route=%2Fwp%2Fv2%2Fcomments&post=627"}],"version-history":[{"count":63,"href":"https:\/\/vpd-mettmann.de\/index.php?rest_route=\/wp\/v2\/pages\/627\/revisions"}],"predecessor-version":[{"id":4084,"href":"https:\/\/vpd-mettmann.de\/index.php?rest_route=\/wp\/v2\/pages\/627\/revisions\/4084"}],"up":[{"embeddable":true,"href":"https:\/\/vpd-mettmann.de\/index.php?rest_route=\/wp\/v2\/pages\/211"}],"wp:attachment":[{"href":"https:\/\/vpd-mettmann.de\/index.php?rest_route=%2Fwp%2Fv2%2Fmedia&parent=627"}],"curies":[{"name":"wp","href":"https:\/\/api.w.org\/{rel}","templated":true}]}}