{"id":536,"date":"2018-06-28T10:37:47","date_gmt":"2018-06-28T10:37:47","guid":{"rendered":"https:\/\/vpd-mettmann.de\/?page_id=536"},"modified":"2026-01-21T09:48:53","modified_gmt":"2026-01-21T08:48:53","slug":"stationaere-hilfen-zum-wohnen-wohnheime","status":"publish","type":"page","link":"https:\/\/vpd-mettmann.de\/?page_id=536","title":{"rendered":"Wohnheime \/ besondere Wohnform"},"content":{"rendered":"<p style=\"text-align: left;\"><strong>Angebot<\/strong>:<\/p>\n<p style=\"text-align: left;\">Wohn- und Betreuungsangebote<\/p>\n<p style=\"text-align: left;\"><strong>Wer kann mitmachen:<\/strong><\/p>\n<p style=\"text-align: left;\">Das Angebot ist f\u00fcr erwachsene Menschen mit chronischer psychischer Erkrankung und einem Hilfebedarf, dem auf Grund des Umfanges oder des besonderen Einzelfalles in einer eigenen Wohnung nicht ausreichend entsprochen werden kann.<\/p>\n<p style=\"text-align: left;\"><strong>\u00d6ffnungszeiten:<\/strong><\/p>\n<p style=\"text-align: left;\">Kontaktaufnahme und Information Montag bis Freitag zwischen 09.00 Uhr und 16.00 Uhr<br \/>\nTermine nach telefonischer Vereinbarung.<\/p>\n<p style=\"text-align: left;\">Die Betreuungsleistungen werden in den Einrichtungen am Tag und in der Nacht, entsprechend des individuellen Hilfebedarfs erbracht.<\/p>\n<p style=\"text-align: left;\"><strong>Adresse:<\/strong><\/p>\n<p style=\"text-align: left;\">Heinrichstr. 5, 40764 Langenfeld<\/p>\n<p style=\"text-align: left;\">Wir bieten 30 Wohnpl\u00e4tze, verteilt auf drei voneinander getrennt liegenden Wohnh\u00e4usern, an. Die H\u00e4user liegen in der Innenstadt von Langenfeld bzw. in einem innenstadtnahen Wohngebiet.<\/p>\n<p style=\"text-align: left;\"><strong>Das m\u00f6chten wir unbedingt mitteilen:<br \/>\n<\/strong><\/p>\n<p style=\"text-align: left;\">In unseren H\u00e4usern bieten wir ausschlie\u00dflich Einzelzimmer an. Die Wohngruppen haben unterschiedliche Gr\u00f6\u00dfen von zwei, drei, acht oder 13 Wohnpl\u00e4tzen in einer Einheit oder Etage. Die Geb\u00e4ude entsprechen einem allgemein \u00fcblichen Wohnstandart, sind aber leider nicht barrierefrei.<\/p>\n<p style=\"text-align: left;\">Die Betreuungsleistungen orientieren sich an pers\u00f6nlichen Zielen und am jeweiligen individuellen Hilfebedarf und werden gemeinsam, vom Hilfesuchenden und den hilfeleistenden Mitarbeitern, geplant und verabredet.<\/p>\n<p style=\"text-align: left;\">Das Leben in der Gemeinschaft und die individuelle Lebensf\u00fchrung stellen zwei wichtige Aspekte dar, die nebeneinander Verwirklichung finden sollen.<\/p>\n<p style=\"text-align: left;\">Eine geregelte Tagesstruktur tr\u00e4gt zur seelischen Gesundheit bei, deswegen bieten wir interne und externe tagesstrukturierende Angebote zur Besch\u00e4ftigung an und arbeiten dar\u00fcber hinaus mit der \u00f6rtlichen Werkstatt zur Arbeitsf\u00f6rderung zusammen.<\/p>\n<p style=\"text-align: left;\">Durch unsere Betreuungsangebote m\u00f6chten wir helfen, Hindernisse zu \u00fcberwinden, eigene F\u00e4higkeiten zu st\u00e4rken und Gesundheit zu f\u00f6rdern.<\/p>\n<p style=\"text-align: left;\"><strong>Das ist uns besonders wichtig:<\/strong><\/p>\n<p style=\"text-align: left;\">Entsprechend Ihrem pers\u00f6nlichen Wunsch k\u00f6nnen Sie in unseren Wohnheimen wohnen und Hilfe erhalten, so lange Sie diese ben\u00f6tigen und w\u00fcnschen. Eine Abstimmung mit dem Kostentr\u00e4ger ist hierzu in regelm\u00e4\u00dfigen Abst\u00e4nden zu treffen.<\/p>\n<p style=\"text-align: left;\">Es ist einerseits m\u00f6glich, dass Sie hier dauerhaft leben und sich zuhause f\u00fchlen k\u00f6nnen.<\/p>\n<p style=\"text-align: left;\">Aber genau so k\u00f6nnen Sie unsere Unterst\u00fctzung f\u00fcr eine begrenzte Zeit nutzen, um an Ihren Zielen mit unserer Unterst\u00fctzung zu arbeiten.<\/p>\n<p style=\"text-align: left;\">Um dann, nach einer Stabilisierung und einer Verbesserung wichtiger F\u00e4higkeiten zum selbstst\u00e4ndigen Leben, in eine andere, von Ihnen gew\u00fcnschte Lebensform zu wechseln.<\/p>\n<p style=\"text-align: left;\"><strong>Ansprechpersonen:<\/strong><\/p>\n<p>Kinga Schmitz, Heimleitung<\/p>\n<p><a href=\"https:\/\/vpd-mettmann.de\/wp-content\/uploads\/2018\/12\/Kinga.jpg\"><img loading=\"lazy\" decoding=\"async\" class=\"size-full wp-image-971\" src=\"https:\/\/vpd-mettmann.de\/wp-content\/uploads\/2018\/12\/Kinga.jpg\" alt=\"Kinga\" width=\"150\" height=\"150\" \/><\/a><\/p>\n<p><a href=\"mailto:kinga.schmitz@vpd-mettmann.de\">kinga.schmitz@vpd-mettmann.de<\/a><\/p>\n<p>Tel: +49 (0)21 73 \/ 89 31 10 06<br \/>\nFax: +49 (0)21 73 \/ 89 31 11 05<\/p>\n<p>Stephan Hartmann, Heimleitung \/ Bereichsleitung Hilfen zum Wohnen<br \/>\n<img loading=\"lazy\" decoding=\"async\" class=\"alignnone wp-image-970 size-full\" src=\"https:\/\/vpd-mettmann.de\/wp-content\/uploads\/2018\/12\/Hartmann.jpg\" alt=\"Hartmann\" width=\"150\" height=\"150\" \/><br \/>\n<a href=\"mailto:stephan.hartmann@vpd-mettmann.de\">stephan.hartmann@vpd-mettmann.de<\/a><br \/>\nTel.: +49 (0) 21 73 \/ 89 31 1144<br \/>\nFax: +49 (0) 21 73 \/ 89 31 10 77<br \/>\nMobil: +49 (0) 176 \/ 95 59 79 36<\/p>\n<p style=\"text-align: left;\"><strong>Wir unterliegen der Schweigepflicht!<\/strong><\/p>\n","protected":false},"excerpt":{"rendered":"<p>Angebot: Wohn- und Betreuungsangebote Wer kann mitmachen: Das Angebot ist f\u00fcr erwachsene Menschen mit chronischer psychischer Erkrankung und einem Hilfebedarf, dem auf Grund des Umfanges oder des besonderen Einzelfalles in einer eigenen Wohnung nicht ausreichend entsprochen werden kann. \u00d6ffnungszeiten: Kontaktaufnahme und Information Montag bis Freitag zwischen 09.00 Uhr und 16.00 Uhr Termine nach telefonischer Vereinbarung. Die Betreuungsleistungen werden in den Einrichtungen am Tag und in der Nacht, entsprechend des individuellen Hilfebedarfs erbracht. Adresse: Heinrichstr. 5, 40764 Langenfeld Wir bieten 30&#8230;<\/p>\n<p class=\"read-more\"><a class=\"btn btn-default\" href=\"https:\/\/vpd-mettmann.de\/?page_id=536\">Weiterlesen<span class=\"screen-reader-text\"> Weiterlesen<\/span><\/a><\/p>\n","protected":false},"author":4,"featured_media":0,"parent":211,"menu_order":0,"comment_status":"closed","ping_status":"closed","template":"","meta":{"footnotes":""},"class_list":["post-536","page","type-page","status-publish","hentry"],"_links":{"self":[{"href":"https:\/\/vpd-mettmann.de\/index.php?rest_route=\/wp\/v2\/pages\/536","targetHints":{"allow":["GET"]}}],"collection":[{"href":"https:\/\/vpd-mettmann.de\/index.php?rest_route=\/wp\/v2\/pages"}],"about":[{"href":"https:\/\/vpd-mettmann.de\/index.php?rest_route=\/wp\/v2\/types\/page"}],"author":[{"embeddable":true,"href":"https:\/\/vpd-mettmann.de\/index.php?rest_route=\/wp\/v2\/users\/4"}],"replies":[{"embeddable":true,"href":"https:\/\/vpd-mettmann.de\/index.php?rest_route=%2Fwp%2Fv2%2Fcomments&post=536"}],"version-history":[{"count":34,"href":"https:\/\/vpd-mettmann.de\/index.php?rest_route=\/wp\/v2\/pages\/536\/revisions"}],"predecessor-version":[{"id":4328,"href":"https:\/\/vpd-mettmann.de\/index.php?rest_route=\/wp\/v2\/pages\/536\/revisions\/4328"}],"up":[{"embeddable":true,"href":"https:\/\/vpd-mettmann.de\/index.php?rest_route=\/wp\/v2\/pages\/211"}],"wp:attachment":[{"href":"https:\/\/vpd-mettmann.de\/index.php?rest_route=%2Fwp%2Fv2%2Fmedia&parent=536"}],"curies":[{"name":"wp","href":"https:\/\/api.w.org\/{rel}","templated":true}]}}