{"id":418,"date":"2018-05-25T12:08:21","date_gmt":"2018-05-25T12:08:21","guid":{"rendered":"https:\/\/vpd-mettmann.de\/?page_id=418"},"modified":"2023-05-04T08:28:41","modified_gmt":"2023-05-04T07:28:41","slug":"unser-leitbild","status":"publish","type":"page","link":"https:\/\/vpd-mettmann.de\/?page_id=418","title":{"rendered":"Unser Leitbild"},"content":{"rendered":"<p style=\"text-align: left;\"><strong>Unsere Aufgabe<\/strong><\/p>\n<p style=\"text-align: left;\">Seit unserer Gr\u00fcndung im Jahr 1976 machen wir uns f\u00fcr die Interessen psychisch erkrankter und suchterkrankter Menschen stark. Im Jahr 2002 haben wir unsere Angebote auf den Bereich der Alten- und Krankenpflege erweitert. Mit unserem Handeln und unseren Angeboten m\u00f6chten wir unseren Klientinnen und Klienten zu einem gleichberechtigten Leben in der Gemeinschaft mit einem gr\u00f6\u00dftm\u00f6glichen Ma\u00df an Selbstbestimmung und Teilhabe verhelfen.<\/p>\n<p style=\"text-align: left;\"><strong>Unser Angebot<\/strong><\/p>\n<p style=\"text-align: left;\">In den vergangenen Jahrzehnten haben wir ein breitgef\u00e4chertes, gemeindenahes Angebot an Beratung, Begleitung, Integration und Gesundheitsf\u00f6rderung aufgebaut. Wir unterst\u00fctzen bei der Versorgung und Erhaltung von Wohnm\u00f6glichkeiten, beim Aufbau und bei der Pflege sozialer Kontakte, in der Alten-, Gesundheits- und Krankenpflege sowie bei der Umsetzung, Aufrechterhaltung und Suche nach Besch\u00e4ftigungs- und Arbeitsm\u00f6glichkeiten.<\/p>\n<p style=\"text-align: left;\"><strong>Unsere Qualit\u00e4t<\/strong><\/p>\n<p style=\"text-align: left;\">Betroffene und Angeh\u00f6rige finden bei uns kompetente Beratung und Unterst\u00fctzung. Dabei achten wir besonders auf gegenseitige Anerkennung und Respekt. Grundlage unserer Arbeit ist ein entwicklungsorientiertes Menschenbild. Wir betrachten jede Klientin und jeden Klienten ganzheitlich als eigenst\u00e4ndige Pers\u00f6nlichkeit mit eigener Geschichte und eigenem Anspruch auf ein erf\u00fclltes Leben. Unser fachliches Handeln orientiert sich dementsprechend an den F\u00e4higkeiten und Ressourcen sowie an den Interessen und W\u00fcnschen unserer Klientinnen und Klienten. Dabei respektieren wir auch den Wunsch oder die Entscheidung von Betroffenen, auf eine medikament\u00f6se Behandlung mit Psychopharmaka zu verzichten.<\/p>\n<p style=\"text-align: left;\">Als Tr\u00e4ger entwickeln wir an die Bed\u00fcrfnisse von Hilfesuchenden bestm\u00f6glich angepasste Angebote, wobei wir keine unn\u00f6tigen Abh\u00e4ngigkeiten schaffen wollen. So geh\u00f6rt es auch zu unserem Qualit\u00e4tsanspruch, unsere Hilfen jederzeit gemeinsam mit unseren Klientinnen und Klienten zu hinterfragen, sie entsprechend anzupassen, zu beenden oder f\u00fcr bedarfsgerechte Weitervermittlungen zu sorgen.<\/p>\n<p style=\"text-align: left;\">Unsere Angebote sind offen f\u00fcr alle Menschen, unabh\u00e4ngig von Geschlecht, Herkunft, Religion oder sexueller Orientierung. Wir unterst\u00fctzen aktiv die gesellschaftliche Integration von Menschen mit Migrationshintergrund.<\/p>\n<p style=\"text-align: left;\">Das trialogische Zusammenwirken von Betroffenen, Angeh\u00f6rigen und Fachleuten nehmen wir als eine wichtige Aufgabe f\u00fcr uns an. Die Verbesserung unserer eigenen Leistung ist f\u00fcr uns Pflicht und Notwendigkeit zugleich. Mithilfe eines strukturierten Systems des Qualit\u00e4tsmanagements sowie eines lebendigen Beschwerdemanagements achten wir auf gr\u00f6\u00dftm\u00f6gliche Offenheit, Nachvollziehbarkeit und eine systematische Weiterentwicklung unserer Arbeit und Angebote.<\/p>\n<p style=\"text-align: left;\"><strong>Vernetzung<\/strong><\/p>\n<p style=\"text-align: left;\">Wir sind Teil des regionalen psychiatrischen Hilfesystems, engagieren uns in Arbeitsgemeinschaften der Sozialpsychiatrie und kooperieren im Gemeindepsychiatrischen Verbund mit anderen Tr\u00e4gern und Anbietern zur Verbesserung der psychosozialen Versorgung im Kreis Mettmann.<\/p>\n<p style=\"text-align: left;\"><strong>Unsere Mitarbeiterinnen und Mitarbeiter<\/strong><\/p>\n<p style=\"text-align: left;\">Um unserem ganzheitlichen Anspruch gerecht werden zu k\u00f6nnen sowie der Vielschichtigkeit der Aufgabengebiete gewachsen zu sein, arbeiten im VPD verschiedenste Berufsgruppen, Peer Beraterinnen und -Berater sowie Genesungsbegleiterinnen und -begleiter zusammen und bilden multiprofessionelle Teams. Das Zusammenwirken der vielf\u00e4ltigen Professionen innerhalb der Teams und zwischen den Arbeitsbereichen erlaubt uns verschiedene Blickwinkel und Schwerpunktsetzungen in unserem Handeln. Wir f\u00f6rdern die fachliche Entwicklung unserer Mitarbeiterinnen und Mitarbeiter durch gezielte Aus-, Fort- und Weiterbildung. Dadurch entwickeln wir uns kontinuierlich weiter und verbessern die Qualit\u00e4t unserer Dienstleistungen.<\/p>\n<p style=\"text-align: left;\"><strong>Verantwortung als soziales Unternehmen<\/strong><\/p>\n<p style=\"text-align: left;\">Wir leisten einen wichtigen Beitrag f\u00fcr die Gesellschaft. Dazu bedarf es verantwortlicher F\u00fchrung im Gesamtunternehmen, den Bereichen und den Teams auf verschiedenen Ebenen. Wir legen Wert auf ein partnerschaftliches Miteinander, das getragen ist von Vertrauen und offener Kommunikation. Das berufliche Engagement in unserem Unternehmen verdient hohe Wertsch\u00e4tzung. Deshalb setzen wir uns in Gesellschaft und Politik daf\u00fcr ein, dass Dienstleistungen am Menschen mehr Anerkennung erfahren.<\/p>\n<p style=\"text-align: left;\"><strong>Nachhaltiges, wirtschaftliches Handeln<\/strong><\/p>\n<p style=\"text-align: left;\">Der VPD achtet aus Verantwortung gegen\u00fcber der Gesellschaft und den Kostentr\u00e4gern darauf, die zur Verf\u00fcgung gestellten Sach- und Geldmittel effektiv und effizient einzusetzen. Wir stellen unsere Leistungen und Kosten transparent dar. Wirtschaftliches Handeln dient unserer Zukunftssicherung. Daf\u00fcr tragen alle Mitarbeiterinnen und Mitarbeiter eine wichtige Mitverantwortung. Wir streben ein positives Betriebsergebnis an, welches den weiteren Ausbau unserer Angebote erm\u00f6glicht. Wachstum ist f\u00fcr uns kein Selbstzweck, sondern dient dem Wohl der Menschen, die unsere Dienstleistungen in Anspruch nehmen.<\/p>\n<p style=\"text-align: left;\"><strong>Bitte um Beteiligung<\/strong><\/p>\n<p style=\"text-align: left;\">An den Grunds\u00e4tzen und Aussagen dieses Leitbildes wollen wir uns messen lassen. Dabei verstehen wir die Weiterentwicklung und Fortschreibung unseres Leitbildes als einen nicht abgeschlossenen, dynamischen und kommunikativen Prozess. Vor diesem Hintergrund sind wir f\u00fcr R\u00fcckmeldungen, Kritik und Vorschl\u00e4ge auf allen Kommunikationswegen dankbar!<\/p>\n<p>&nbsp;<\/p>\n<p>&nbsp;<\/p>\n<p><em>Langenfeld, im Dezember 2018<\/em><\/p>\n","protected":false},"excerpt":{"rendered":"<p>Unsere Aufgabe Seit unserer Gr\u00fcndung im Jahr 1976 machen wir uns f\u00fcr die Interessen psychisch erkrankter und suchterkrankter Menschen stark. Im Jahr 2002 haben wir unsere Angebote auf den Bereich der Alten- und Krankenpflege erweitert. Mit unserem Handeln und unseren Angeboten m\u00f6chten wir unseren Klientinnen und Klienten zu einem gleichberechtigten Leben in der Gemeinschaft mit einem gr\u00f6\u00dftm\u00f6glichen Ma\u00df an Selbstbestimmung und Teilhabe verhelfen. Unser Angebot In den vergangenen Jahrzehnten haben wir ein breitgef\u00e4chertes, gemeindenahes Angebot an Beratung, Begleitung, Integration und&#8230;<\/p>\n<p class=\"read-more\"><a class=\"btn btn-default\" href=\"https:\/\/vpd-mettmann.de\/?page_id=418\">Weiterlesen<span class=\"screen-reader-text\"> Weiterlesen<\/span><\/a><\/p>\n","protected":false},"author":1,"featured_media":0,"parent":196,"menu_order":0,"comment_status":"closed","ping_status":"closed","template":"","meta":{"footnotes":""},"class_list":["post-418","page","type-page","status-publish","hentry"],"_links":{"self":[{"href":"https:\/\/vpd-mettmann.de\/index.php?rest_route=\/wp\/v2\/pages\/418","targetHints":{"allow":["GET"]}}],"collection":[{"href":"https:\/\/vpd-mettmann.de\/index.php?rest_route=\/wp\/v2\/pages"}],"about":[{"href":"https:\/\/vpd-mettmann.de\/index.php?rest_route=\/wp\/v2\/types\/page"}],"author":[{"embeddable":true,"href":"https:\/\/vpd-mettmann.de\/index.php?rest_route=\/wp\/v2\/users\/1"}],"replies":[{"embeddable":true,"href":"https:\/\/vpd-mettmann.de\/index.php?rest_route=%2Fwp%2Fv2%2Fcomments&post=418"}],"version-history":[{"count":9,"href":"https:\/\/vpd-mettmann.de\/index.php?rest_route=\/wp\/v2\/pages\/418\/revisions"}],"predecessor-version":[{"id":3565,"href":"https:\/\/vpd-mettmann.de\/index.php?rest_route=\/wp\/v2\/pages\/418\/revisions\/3565"}],"up":[{"embeddable":true,"href":"https:\/\/vpd-mettmann.de\/index.php?rest_route=\/wp\/v2\/pages\/196"}],"wp:attachment":[{"href":"https:\/\/vpd-mettmann.de\/index.php?rest_route=%2Fwp%2Fv2%2Fmedia&parent=418"}],"curies":[{"name":"wp","href":"https:\/\/api.w.org\/{rel}","templated":true}]}}