{"id":369,"date":"2018-05-03T09:44:49","date_gmt":"2018-05-03T09:44:49","guid":{"rendered":"https:\/\/vpd-mettmann.de\/?page_id=369"},"modified":"2026-03-26T11:34:26","modified_gmt":"2026-03-26T10:34:26","slug":"suchthilfe-cafe-steinrausch","status":"publish","type":"page","link":"https:\/\/vpd-mettmann.de\/?page_id=369","title":{"rendered":"Suchthilfe \/ Caf\u00e9 Steinrausch"},"content":{"rendered":"<p style=\"text-align: left;\"><strong>Angebot<\/strong>:<\/p>\n<p style=\"text-align: left;\">Das Caf\u00e9 Steinrausch ist ein drogenfreier Treffpunkt f\u00fcr Menschen, die suchtgef\u00e4hrdet oder suchtkrank sind, Mitbetroffene und alle, die sich mit der Suchtproblematik auseinandersetzen m\u00f6chten.<br \/>\nDrogenfrei hei\u00dft f\u00fcr uns, dass der Aufenthalt unter Suchtmitteleinfluss im offenen Bereich nicht erlaubt ist.<br \/>\nBeratung, Information und Hilfe erh\u00e4lt jedoch jeder durch unsere hauptamtlichen Mitarbeiter.<br \/>\nDas Caf\u00e9 Steinrausch bietet Gelegenheit, andere Menschen kennen zu lernen, mit ihnen zu reden, zu lachen, zu spielen, aber auch sich auseinander zu setzen und kreativ zu sein.<br \/>\nJeder Besucher erh\u00e4lt die M\u00f6glichkeit zur ehrenamtlichen Mitarbeit im Caf\u00e9.<\/p>\n<p style=\"text-align: left;\">Unser Angebot umfasst auch die Inanspruchnahme von Assistenzleistungen f\u00fcr\u00a0 Menschen mit Suchterkrankungen zur Stabilisierung der sozialen Situation, wenn dies gew\u00fcnscht wird:<\/p>\n<ul style=\"text-align: left;\">\n<li>in der eigenen Wohnung, z.B. nach Klinikaufenthalten<\/li>\n<li>in einer Wohngemeinschaft f\u00fcr M\u00e4nner<\/li>\n<\/ul>\n<p style=\"text-align: left;\"><strong>Wer kann mitmachen:<\/strong><\/p>\n<p style=\"text-align: left;\">Menschen, die suchtgef\u00e4hrdet oder suchtkrank sind, Mitbetroffene und alle, die sich mit der Suchtproblematik auseinandersetzen wollen.<\/p>\n<p style=\"text-align: left;\"><strong>\u00d6ffnungszeiten:<\/strong><\/p>\n<p style=\"text-align: left;\"><em>offener Bereich:<\/em><\/p>\n<p style=\"text-align: left;\">Mo: 10.00 Uhr &#8211; 16.00 Uhr<br \/>\nDi: 10.00 Uhr &#8211; 16.00 Uhr<br \/>\nMi: 12.00 Uhr &#8211; 18.00 Uhr<br \/>\nDo: 10.00 Uhr &#8211; 16.00 Uhr<br \/>\nFr: 10.00 Uhr &#8211; 13.00 Uhr<br \/>\nSa: 10.00 Uhr &#8211; 13.00 Uhr<br \/>\nSo: 13.00 Uhr &#8211; 17.00 Uhr<\/p>\n<p style=\"text-align: left;\"><strong>Adresse:<\/strong><\/p>\n<p style=\"text-align: left;\">Richrather Str. 51, 40764 Langenfeld<\/p>\n<p style=\"text-align: left;\"><strong>Das m\u00f6chten wir unbedingt mitteilen:<br \/>\n<\/strong><\/p>\n<p style=\"text-align: left;\">Wir beraten und unterst\u00fctzen Sie<\/p>\n<ul>\n<li style=\"text-align: left;\">in Krisensituationen<\/li>\n<li style=\"text-align: left;\">in allgemeinen und speziellen Fragen von Suchtmittelmissbrauch und -abh\u00e4ngigkeit<\/li>\n<li style=\"text-align: left;\">in allen sozialen Fragen<\/li>\n<li style=\"text-align: left;\">bei Problemen in finanziellen Angelegenheiten<\/li>\n<li style=\"text-align: left;\">beim Ausf\u00fcllen von Formularen<\/li>\n<li style=\"text-align: left;\">bei Schreibarbeiten<\/li>\n<li style=\"text-align: left;\">bei Schwierigkeiten im Umgang mit Beh\u00f6rden, Arbeitgebern und Vermietern<\/li>\n<li style=\"text-align: left;\">bei famili\u00e4ren Problematiken<\/li>\n<li style=\"text-align: left;\">bei der Anbahnung von Kontakten zu Beratungsstellen, Selbsthilfegruppen, fach\u00e4rztlicher Behandlung etc.<\/li>\n<li style=\"text-align: left;\">bei Initiativen zur Freizeitgesteltung<\/li>\n<li style=\"text-align: left;\">bei der Kontaktaufnahme und -pflege zu anderen Menschen<\/li>\n<li style=\"text-align: left;\">u.v.m.<\/li>\n<\/ul>\n<p style=\"text-align: left;\"><strong>Das ist uns besonders wichtig:<\/strong><\/p>\n<p style=\"text-align: left;\"><strong>Unser Angebot umfasst Assistenzleistungen f\u00fcr Menschen mit Suchterkrankungen<\/strong><\/p>\n<p style=\"text-align: left;\">\u2022 individuelle Unterst\u00fctzung zur Alltagsbew\u00e4ltigung<\/p>\n<p style=\"text-align: left;\"><strong>Beratungs- und Informationsgespr\u00e4che<\/strong><\/p>\n<p style=\"text-align: left;\">\u2022 nach telefonischer oder m\u00fcndlicher Absprache m\u00f6glich<\/p>\n<p style=\"text-align: left;\"><strong>Gruppenangebote<\/strong><\/p>\n<p style=\"text-align: left;\">\u2022 Selbsthilfegruppe in unseren R\u00e4umlichkeiten<br \/>\n\u2022 Gruppe f\u00fcr junge Rauschmittelabh\u00e4ngige<br \/>\n\u2022 FRED-Kurse<br \/>\n\u2022 Ohrakkupunktur nach NADA<\/p>\n<p style=\"text-align: left;\"><strong>Angeh\u00f6rige<\/strong><\/p>\n<p style=\"text-align: left;\">\u2022 offenes Gespr\u00e4chsangebot f\u00fcr Angeh\u00f6rige von Suchtkranken nach Absprache<\/p>\n<p style=\"text-align: left;\"><strong>Sport- und Freizeitaktivit\u00e4ten<\/strong><\/p>\n<p style=\"text-align: left;\">\u2022 Ausfl\u00fcge, Ferienfreizeiten, Fu\u00dfball, Yoga, Badminton, Entspannung und weitere Angebote auf Anfrage<\/p>\n<p style=\"text-align: left;\"><strong>SPRECHEN SIE UNS AN!<\/strong><\/p>\n<p style=\"text-align: left;\"><strong>Besondere Hinweise:<\/strong><\/p>\n<p style=\"text-align: left;\">Fr\u00fchst\u00fccksangebot ohne Voranmeldung am:<\/p>\n<p>Mo: 10.00 Uhr &#8211; 13.00 Uhr<br \/>\nFr:\u00a0\u00a0 10.00 Uhr &#8211; 13.00 Uhr<br \/>\nSa:\u00a0 10.00 Uhr &#8211; 13.00 Uhr<\/p>\n<p><strong>Preiswerter Mittagstisch (nach Voranmeldung):<\/strong><\/p>\n<p style=\"text-align: left;\">Dienstag: 12.30 Uhr<br \/>\nDonnerstag: 12.30 Uhr<\/p>\n<p style=\"text-align: left;\"><strong>Gruppenangebote:<\/strong><\/p>\n<p style=\"text-align: left;\">Gespr\u00e4chsgruppen f\u00fcr junge Rauschmittelkonsumenten<br \/>\nMittwoch: 18.00 Uhr &#8211; 19.00 Uhr<\/p>\n<p style=\"text-align: left;\"><strong>Angeh\u00f6rige:<\/strong><\/p>\n<p style=\"text-align: left;\">Offenes Gespr\u00e4chsangebot f\u00fcr Angeh\u00f6rige von Suchtkranken nach Absprache.<\/p>\n<p style=\"text-align: left;\"><strong>Ansprechpersonen:<\/strong><\/p>\n<p>Anika Berthold<br \/>\nFachbereichsleitung<\/p>\n<p><a href=\"https:\/\/vpd-mettmann.de\/wp-content\/uploads\/2018\/12\/Gowitzke.jpg\"><img loading=\"lazy\" decoding=\"async\" class=\"size-full wp-image-977\" src=\"https:\/\/vpd-mettmann.de\/wp-content\/uploads\/2018\/12\/Gowitzke.jpg\" alt=\"Gowitzke\" width=\"150\" height=\"150\" \/><\/a><\/p>\n<p><a href=\"mailto:anika.berthold@vpd-mettmann.de\">anika.berthold@vpd-mettmann.de<\/a><br \/>\nTel.: +49 (0) 21 73 \/ 89 31 10 84<\/p>\n<p>Silke Dickhof<br \/>\n<img loading=\"lazy\" decoding=\"async\" class=\"alignnone wp-image-982 size-full\" src=\"https:\/\/vpd-mettmann.de\/wp-content\/uploads\/2018\/12\/Dickhof.jpg\" alt=\"Dickhof\" width=\"150\" height=\"150\" \/><br \/>\n<a href=\"mailto:silke.dickhof@vpd-mettmann.de\">silke.dickhof@vpd-mettmann.de<\/a><br \/>\nTel.: +49 (0) 21 73 \/ 89 31 11 38<\/p>\n<p>Volker Oslender<br \/>\n<img loading=\"lazy\" decoding=\"async\" class=\"alignnone wp-image-985 size-full\" src=\"https:\/\/vpd-mettmann.de\/wp-content\/uploads\/2018\/12\/Oslender.jpg\" alt=\"Oslender\" width=\"150\" height=\"150\" \/><br \/>\n<a href=\"mailto:volker.oslender@vpd-mettmann.de\">volker.oslender@vpd-mettmann.de<\/a><br \/>\nTel.: +49 (0) 21 73 \/ 89 31 10 88<\/p>\n<p>Sandra B\u00f6diger<br \/>\n<img loading=\"lazy\" decoding=\"async\" class=\"alignnone wp-image-979 size-full\" src=\"https:\/\/vpd-mettmann.de\/wp-content\/uploads\/2018\/12\/B\u00f6diger.jpg\" alt=\"B\u00f6diger\" width=\"150\" height=\"150\" \/><br \/>\n<a href=\"mailto:sandra.boediger@vpd-mettmann.de\">sandra.boediger@vpd-mettmann.de<\/a><br \/>\nTel.: +49 (0) 21 73 \/ 89 31 10 90<\/p>\n<p>&nbsp;<\/p>\n<p style=\"text-align: left;\"><strong>Wir unterliegen der Schweigepflicht!<\/strong><\/p>\n<p><strong>Flyer:<br \/>\n<\/strong><a href=\"https:\/\/vpd-mettmann.de\/wp-content\/uploads\/2025\/02\/Cafe_Steinrausch_01_2025.pdf\">Caf\u00e9 Steinrausch<\/a><\/p>\n","protected":false},"excerpt":{"rendered":"<p>Angebot: Das Caf\u00e9 Steinrausch ist ein drogenfreier Treffpunkt f\u00fcr Menschen, die suchtgef\u00e4hrdet oder suchtkrank sind, Mitbetroffene und alle, die sich mit der Suchtproblematik auseinandersetzen m\u00f6chten. Drogenfrei hei\u00dft f\u00fcr uns, dass der Aufenthalt unter Suchtmitteleinfluss im offenen Bereich nicht erlaubt ist. Beratung, Information und Hilfe erh\u00e4lt jedoch jeder durch unsere hauptamtlichen Mitarbeiter. Das Caf\u00e9 Steinrausch bietet Gelegenheit, andere Menschen kennen zu lernen, mit ihnen zu reden, zu lachen, zu spielen, aber auch sich auseinander zu setzen und kreativ zu sein. Jeder&#8230;<\/p>\n<p class=\"read-more\"><a class=\"btn btn-default\" href=\"https:\/\/vpd-mettmann.de\/?page_id=369\">Weiterlesen<span class=\"screen-reader-text\"> Weiterlesen<\/span><\/a><\/p>\n","protected":false},"author":4,"featured_media":0,"parent":764,"menu_order":0,"comment_status":"closed","ping_status":"closed","template":"","meta":{"footnotes":""},"class_list":["post-369","page","type-page","status-publish","hentry"],"_links":{"self":[{"href":"https:\/\/vpd-mettmann.de\/index.php?rest_route=\/wp\/v2\/pages\/369","targetHints":{"allow":["GET"]}}],"collection":[{"href":"https:\/\/vpd-mettmann.de\/index.php?rest_route=\/wp\/v2\/pages"}],"about":[{"href":"https:\/\/vpd-mettmann.de\/index.php?rest_route=\/wp\/v2\/types\/page"}],"author":[{"embeddable":true,"href":"https:\/\/vpd-mettmann.de\/index.php?rest_route=\/wp\/v2\/users\/4"}],"replies":[{"embeddable":true,"href":"https:\/\/vpd-mettmann.de\/index.php?rest_route=%2Fwp%2Fv2%2Fcomments&post=369"}],"version-history":[{"count":59,"href":"https:\/\/vpd-mettmann.de\/index.php?rest_route=\/wp\/v2\/pages\/369\/revisions"}],"predecessor-version":[{"id":4377,"href":"https:\/\/vpd-mettmann.de\/index.php?rest_route=\/wp\/v2\/pages\/369\/revisions\/4377"}],"up":[{"embeddable":true,"href":"https:\/\/vpd-mettmann.de\/index.php?rest_route=\/wp\/v2\/pages\/764"}],"wp:attachment":[{"href":"https:\/\/vpd-mettmann.de\/index.php?rest_route=%2Fwp%2Fv2%2Fmedia&parent=369"}],"curies":[{"name":"wp","href":"https:\/\/api.w.org\/{rel}","templated":true}]}}