{"id":358,"date":"2018-05-03T09:24:02","date_gmt":"2018-05-03T09:24:02","guid":{"rendered":"https:\/\/vpd-mettmann.de\/?page_id=358"},"modified":"2026-03-26T07:47:20","modified_gmt":"2026-03-26T06:47:20","slug":"suchthilfe","status":"publish","type":"page","link":"https:\/\/vpd-mettmann.de\/?page_id=358","title":{"rendered":"Suchthilfe \/ Ambulante Hilfen"},"content":{"rendered":"<p style=\"text-align: left;\"><strong>Angebot<\/strong>:<\/p>\n<p style=\"text-align: left;\">Ambulante Hilfen \/ Sucht<\/p>\n<p style=\"text-align: left;\">Wir bieten Menschen mit einer Suchterkrankung die M\u00f6glichkeit Assistenzleistungen in der eigenen Wohnung in Anspruch zu nehmen. Selbst\u00e4ndig, aber nicht auf sich alleine gestellt, nach diesem Prinzip arbeiten wir und m\u00f6chten Sie begleiten.<\/p>\n<p style=\"text-align: left;\">Suchtmittelabh\u00e4ngigkeit geht immer auch mit sozialen Problemen einher. Zu deren Bew\u00e4ltigung und der Wiederherstellung eines eigenverantwortlichen, zufriedenen abstinenten Lebens, bieten wir deshalb Hilfe und Unterst\u00fctzung an. Prim\u00e4res Ziel ist der Erhalt der eigenen Wohnung sowie die nachhaltige Verfolgung und Umsetzung der eigenen W\u00fcnsche und Bed\u00fcrfnisse, die Sie in Zusammenarbeit mit unseren Mitarbeitenden formulieren.<\/p>\n<p style=\"text-align: left;\">Dabei kann es sowohl um die Beratung bei Fragen des Suchtmittelmissbrauchs gehen, als auch um die gemeinsame, unterst\u00fctzende Kl\u00e4rung sozialer Angelegenheiten, welche bisher m\u00f6glicherweise als Grund zur Verzweiflung und \/ oder R\u00fcckf\u00e4lligkeit dienten.<\/p>\n<p style=\"text-align: left;\">Dazu finden regelm\u00e4\u00dfige Gespr\u00e4che, bei Bedarf in der eigenen Wohnung, statt. Sie unterliegen selbstverst\u00e4ndlich der Schweigepflicht.<\/p>\n<p><strong>Wer kann mitmachen:<\/strong><\/p>\n<p style=\"text-align: left;\">Menschen mit Suchterkrankungen<\/p>\n<p style=\"text-align: left;\"><strong>\u00d6ffnungszeiten:<\/strong><\/p>\n<p style=\"text-align: left;\">Termine nach Vereinbarung<\/p>\n<p style=\"text-align: left;\"><strong>Adresse:<\/strong><\/p>\n<p style=\"text-align: left;\">Richrather Str. 51, 40764 Langenfeld<\/p>\n<p style=\"text-align: left;\"><strong>Das m\u00f6chten wir unbedingt mitteilen:<br \/>\n<\/strong><\/p>\n<p style=\"text-align: left;\">Wir beraten und unterst\u00fctzen Sie<\/p>\n<ul>\n<li style=\"text-align: left;\">in Krisensituationen<\/li>\n<li style=\"text-align: left;\">beim Umgang mit Suchtdruck<\/li>\n<li style=\"text-align: left;\">in Gespr\u00e4chen zur R\u00fcckfallvorbeugung<\/li>\n<li style=\"text-align: left;\">bei der Erledigung von Schriftverkehr<\/li>\n<li style=\"text-align: left;\">im Umgang mit Geld<\/li>\n<li style=\"text-align: left;\">bei dem Erhalt Ihres Wohnraums<\/li>\n<li style=\"text-align: left;\">bei Arztbesuchen<\/li>\n<li style=\"text-align: left;\">beim Umgang mit \u00c4mtern und Beh\u00f6rden<\/li>\n<li style=\"text-align: left;\">bei der Haushaltsf\u00fchrung<\/li>\n<li style=\"text-align: left;\">bei Problemen mit der Familie<\/li>\n<li style=\"text-align: left;\">bei der Kontaktpflege<\/li>\n<li style=\"text-align: left;\">bei der Gestaltung Ihres Tages<\/li>\n<li style=\"text-align: left;\">bei der Integration in Arbeit und Besch\u00e4ftigung<\/li>\n<li style=\"text-align: left;\">bei der Vermittlung in Selbsthilfegruppen<\/li>\n<li style=\"text-align: left;\">u.v.m.<\/li>\n<\/ul>\n<p style=\"text-align: left;\"><strong>Das ist uns besonders wichtig:<\/strong><\/p>\n<p style=\"text-align: left;\">Unsere Wohngemeinschaft ist als \u00dcbergangseinrichtung gedacht, in der die Bewohner bei der eigenst\u00e4ndigen, selbstverantwortlichen und abstinenten Lebensf\u00fchrung unterst\u00fctzt werden.<\/p>\n<p style=\"text-align: left;\">Das Haus mit Garten in Monheim \/ Baumberg bietet\u00a0 in teilm\u00f6blierten Einzelzimmern sechs M\u00e4nnern Raum zum Leben in einer Gemeinschaft. Der Aufenthalt ist vorerst auf 12 Monate befristet, kann jedoch bei Bedarf verl\u00e4ngert werden.<\/p>\n<p style=\"text-align: left;\"><em>Voraussetzung f\u00fcr die Aufnahme ist eine abgeschlossene Langzeittherapie oder ein vorausgegangener Aufenthalt in einer sozio-therapeutischen Einrichtung.<br \/>\n<\/em><\/p>\n<p style=\"text-align: left;\"><strong>Besondere Hinweise:<\/strong><\/p>\n<p style=\"text-align: left;\">Um Sie bei der Verwirklichung Ihrer Ziele und W\u00fcnsche bestm\u00f6glich unterst\u00fctzen zu k\u00f6nnen, erstellen wir gemeinsam mit Ihnen einen individuellen Hilfeplan, der Ihren Hilfebedarf und unsere Assistenzleistungen beinhaltet.<\/p>\n<p style=\"text-align: left;\">Anhand dieses Plans ist es sehr gut m\u00f6glich, einerseits Ihre Zielplanung zu verfolgen und andererseits unsere erbrachten Leistungen zu \u00fcberpr\u00fcfen. Kostentr\u00e4ger der Assistenzleistungen ist in der Regel der Landschaftsverband Rheinland. Eventuelle Eigenbeteiligungen (etwas bei Arbeitseinkommen), werden vorab individuell gepr\u00fcft.<\/p>\n<p style=\"text-align: left;\"><em>Voraussetzungen<\/em>:<\/p>\n<ul>\n<li style=\"text-align: left;\">Aufnahmegespr\u00e4ch<\/li>\n<li style=\"text-align: left;\">Zustimmung der Betroffenen (Freiwilligkeit)<\/li>\n<li style=\"text-align: left;\">Bereitschaft zur Mitwirkung<\/li>\n<li style=\"text-align: left;\">Anstreben einer abstinenten Lebensweise<\/li>\n<li style=\"text-align: left;\">gemeinsame Erstellung des oben genannten\u00a0 Hilfeplans<\/li>\n<\/ul>\n<p style=\"text-align: left;\"><strong>Ansprechpersonen:<\/strong><\/p>\n<p>Anika Berthold, Fachbereichsleitung<br \/>\n<img loading=\"lazy\" decoding=\"async\" class=\"alignnone wp-image-977 size-full\" src=\"https:\/\/vpd-mettmann.de\/wp-content\/uploads\/2018\/12\/Gowitzke.jpg\" alt=\"Gowitzke\" width=\"150\" height=\"150\" \/><br \/>\n<a href=\"mailto:anika.berthold@vpd-mettmann.de\">anika.berthold@vpd-mettmann.de<\/a><br \/>\nTel.: +49 (0) 1 78 \/\u00a0 9 27 93 18<\/p>\n<p>Sascha B\u00f6hm<br \/>\n<img loading=\"lazy\" decoding=\"async\" class=\"alignnone wp-image-978 size-full\" src=\"https:\/\/vpd-mettmann.de\/wp-content\/uploads\/2018\/12\/B\u00f6hm.jpg\" alt=\"B\u00f6hm\" width=\"150\" height=\"150\" \/><br \/>\n<a href=\"mailto:sascha.boehm@vpd-mettmann.de\">sascha.boehm@vpd-mettmann.de<\/a><\/p>\n<p>Sabine Bertram<br \/>\n<img loading=\"lazy\" decoding=\"async\" class=\"alignnone wp-image-980 size-full\" src=\"https:\/\/vpd-mettmann.de\/wp-content\/uploads\/2018\/12\/Bertram.jpg\" alt=\"Bertram\" width=\"150\" height=\"150\" \/><br \/>\n<a href=\"mailto:sabine.bertram@vpd-mettmann.de\">sabine.bertram@vpd-mettmann.de<\/a><br \/>\nTel.: +49 (0) 1 78 \/ 9 27 93 43<\/p>\n<p>Iwona Garlacz<br \/>\n<img loading=\"lazy\" decoding=\"async\" class=\"alignnone wp-image-981 size-full\" src=\"https:\/\/vpd-mettmann.de\/wp-content\/uploads\/2018\/12\/Garlacz.jpg\" alt=\"Garlacz\" width=\"150\" height=\"150\" \/><br \/>\n<a href=\"mailto:iwona.garlacz@vpd-mettmann.de\">iwona.garlacz@vpd-mettmann.de<\/a><br \/>\nTel.: +49 (0) 21 73 \/ 89 31 10 85<\/p>\n<p>Silke Dickhof<br \/>\n<img loading=\"lazy\" decoding=\"async\" class=\"alignnone wp-image-982 size-full\" src=\"https:\/\/vpd-mettmann.de\/wp-content\/uploads\/2018\/12\/Dickhof.jpg\" alt=\"Dickhof\" width=\"150\" height=\"150\" \/><br \/>\n<a href=\"mailto:silke.dickhof@vpd-mettmann.de\">silke.dickhof@vpd-mettmann.de<\/a><br \/>\nTel.: +49 (0) 21 73 \/ 89 31 11 38<\/p>\n<p>Volker Oslender<br \/>\n<img loading=\"lazy\" decoding=\"async\" class=\"alignnone wp-image-985 size-full\" src=\"https:\/\/vpd-mettmann.de\/wp-content\/uploads\/2018\/12\/Oslender.jpg\" alt=\"Oslender\" width=\"150\" height=\"150\" \/><br \/>\n<a href=\"mailto:volker.oslender@vpd-mettmann.de\">volker.oslender@vpd-mettmann.de<\/a><br \/>\nTel.: +49 (0) 21 73 \/ 89 31 10 88<\/p>\n<p>Sandra B\u00f6diger<br \/>\n<img loading=\"lazy\" decoding=\"async\" class=\"alignnone wp-image-979 size-full\" src=\"https:\/\/vpd-mettmann.de\/wp-content\/uploads\/2018\/12\/B\u00f6diger.jpg\" alt=\"B\u00f6diger\" width=\"150\" height=\"150\" \/><br \/>\n<a href=\"mailto:sandra.boediger@vpd-mettmann.de\">sandra.boediger@vpd-mettmann.de<\/a><br \/>\nTel.: +49 (0) 21 73 \/ 89 31 10 90<\/p>\n<p>Simone Krieger<\/p>\n<p>Foto folgt<\/p>\n<p><a href=\"mailto:simone.krieger@vpd-mettmann.de\">simone.krieger@vpd-mettmann.de<\/a><br \/>\nTel.: +49 (0) 21 73 \/ 89 31 10 52<\/p>\n<p>&nbsp;<\/p>\n<p>Jennifer Heinrich<\/p>\n<p>Foto folgt<\/p>\n<p><a href=\"mailto:jennifer.heinrich@vpd-mettmann.de\">jennifer.heinrich@vpd-mettmann.de<\/a><br \/>\nTel.: +49 (0) 21 73 \/ 89 31 10 19<\/p>\n<p>&nbsp;<\/p>\n<p style=\"text-align: left;\"><strong>Wir unterliegen der Schweigepflicht!<\/strong><\/p>\n<p><strong>Flyer:<br \/>\n<\/strong><a href=\"https:\/\/vpd-mettmann.de\/wp-content\/uploads\/2024\/03\/Ambulant-Betreutes-Wohnen-Sucht.pdf\">Ambulant Betreutes Wohnen Sucht<\/a><\/p>\n<p style=\"text-align: left;\">\n","protected":false},"excerpt":{"rendered":"<p>Angebot: Ambulante Hilfen \/ Sucht Wir bieten Menschen mit einer Suchterkrankung die M\u00f6glichkeit Assistenzleistungen in der eigenen Wohnung in Anspruch zu nehmen. Selbst\u00e4ndig, aber nicht auf sich alleine gestellt, nach diesem Prinzip arbeiten wir und m\u00f6chten Sie begleiten. Suchtmittelabh\u00e4ngigkeit geht immer auch mit sozialen Problemen einher. Zu deren Bew\u00e4ltigung und der Wiederherstellung eines eigenverantwortlichen, zufriedenen abstinenten Lebens, bieten wir deshalb Hilfe und Unterst\u00fctzung an. Prim\u00e4res Ziel ist der Erhalt der eigenen Wohnung sowie die nachhaltige Verfolgung und Umsetzung der eigenen&#8230;<\/p>\n<p class=\"read-more\"><a class=\"btn btn-default\" href=\"https:\/\/vpd-mettmann.de\/?page_id=358\">Weiterlesen<span class=\"screen-reader-text\"> Weiterlesen<\/span><\/a><\/p>\n","protected":false},"author":4,"featured_media":0,"parent":764,"menu_order":0,"comment_status":"closed","ping_status":"closed","template":"","meta":{"footnotes":""},"class_list":["post-358","page","type-page","status-publish","hentry"],"_links":{"self":[{"href":"https:\/\/vpd-mettmann.de\/index.php?rest_route=\/wp\/v2\/pages\/358","targetHints":{"allow":["GET"]}}],"collection":[{"href":"https:\/\/vpd-mettmann.de\/index.php?rest_route=\/wp\/v2\/pages"}],"about":[{"href":"https:\/\/vpd-mettmann.de\/index.php?rest_route=\/wp\/v2\/types\/page"}],"author":[{"embeddable":true,"href":"https:\/\/vpd-mettmann.de\/index.php?rest_route=\/wp\/v2\/users\/4"}],"replies":[{"embeddable":true,"href":"https:\/\/vpd-mettmann.de\/index.php?rest_route=%2Fwp%2Fv2%2Fcomments&post=358"}],"version-history":[{"count":53,"href":"https:\/\/vpd-mettmann.de\/index.php?rest_route=\/wp\/v2\/pages\/358\/revisions"}],"predecessor-version":[{"id":4368,"href":"https:\/\/vpd-mettmann.de\/index.php?rest_route=\/wp\/v2\/pages\/358\/revisions\/4368"}],"up":[{"embeddable":true,"href":"https:\/\/vpd-mettmann.de\/index.php?rest_route=\/wp\/v2\/pages\/764"}],"wp:attachment":[{"href":"https:\/\/vpd-mettmann.de\/index.php?rest_route=%2Fwp%2Fv2%2Fmedia&parent=358"}],"curies":[{"name":"wp","href":"https:\/\/api.w.org\/{rel}","templated":true}]}}