{"id":349,"date":"2018-04-25T10:25:44","date_gmt":"2018-04-25T10:25:44","guid":{"rendered":"https:\/\/vpd-mettmann.de\/?page_id=349"},"modified":"2023-11-17T11:06:47","modified_gmt":"2023-11-17T10:06:47","slug":"qualitaetsmanagement","status":"publish","type":"page","link":"https:\/\/vpd-mettmann.de\/?page_id=349","title":{"rendered":"Qualit\u00e4tsmanagement"},"content":{"rendered":"<p style=\"text-align: left;\"><strong>Angebot<\/strong>:<\/p>\n<p style=\"text-align: left;\">Qualit\u00e4tssicherung, Qualit\u00e4ts\u00fcberpr\u00fcfung, Verbesserung und Weiterentwicklung<\/p>\n<p><strong>\u00d6ffnungszeiten:<\/strong><\/p>\n<p>Mo.-Fr.: 9.00 Uhr &#8211; 17.00 Uhr<\/p>\n<p><strong>Adresse:<\/strong><\/p>\n<p style=\"text-align: left;\">Heinrichstr. 5, 40764 Langenfeld und<br \/>\nIm Schaufsfeld 13, 40764 Langenfeld<\/p>\n<p><strong>Das m\u00f6chten wir unbedingt mitteilen:<br \/>\n<\/strong><\/p>\n<p style=\"text-align: left;\">Der VPD hat bereits im Jahr 2007 ein zertifiziertes QM System nach DIN ISO 9001 aufgebaut und etabliert. Aktuell ist der Qualifizierungsbereich nach<a href=\"https:\/\/vpd-mettmann.de\/wp-content\/uploads\/2023\/11\/Zertifikat-AZAV-Traeger.pdf\"> AZAV <\/a>zertifiziert. Unser ambulanter Pflegedienst arbeitet seit \u00fcber einem Jahrzehnt nach den Grunds\u00e4tzen der gesetzlich vorgeschriebenen Qualit\u00e4tssicherung und wird mittels MDK regelm\u00e4\u00dfig \u00fcberwacht. Die station\u00e4ren und intensivbetreuten ambulanten Angebote unterliegen der Qualit\u00e4ts\u00fcberpr\u00fcfung durch die Heimaufsicht.<\/p>\n<p style=\"text-align: left;\">Seit 2 Jahren verzichten wir auf eine weitere ISO Zertifizierung, da die Qualit\u00e4tsgrunds\u00e4tze in den vielen Jahren im Unternehmen integriert sind.<\/p>\n<p style=\"text-align: left;\"><strong>Das ist uns besonders wichtig:<\/strong><\/p>\n<p style=\"text-align: left;\">Die Vorteile f\u00fcr die Arbeit der Mitarbeiter*innen, den Klient*innen, Kund*innen, Angeh\u00f6rigen und Kooperationspartner*innen sind:<\/p>\n<ul style=\"text-align: left;\">\n<li>wichtige Prozesse und Verfahren sind transparenter und \u00fcberpr\u00fcfbar<\/li>\n<li>Verantwortung und Zust\u00e4ndigkeiten sind ausgewiesen und gekl\u00e4rt<\/li>\n<li>die Strukturen der Unternehmensorgane sind dargestellt und stellen die Kommunikation sicher<\/li>\n<\/ul>\n<p style=\"text-align: left;\">Wir f\u00fchlen uns dem Qualit\u00e4tsgrundsatz der st\u00e4ndigen Verbesserung auch ohne Zertifizierung verpflichtet und \u00fcberpr\u00fcfen unsere Arbeit regelm\u00e4\u00dfig durch interne Audits und der umfassenden Bewertung aus formulierter Ziele. Dazu besch\u00e4ftigen wir im Bereich Qualit\u00e4tsmanagement qualifiziertes Personal zur Lenkung und Steuerung der betreffenden Prozesse.<\/p>\n<p style=\"text-align: left;\"><strong>Anmerkung:<\/strong><\/p>\n<p style=\"text-align: left;\">AZAV: Akkreditierung und Zulassungsverordnung Arbeitsf\u00f6rderung<br \/>\nMDK: Medizinischer Dienst der Krankenkassen<\/p>\n<p style=\"text-align: left;\"><strong>Ansprechpersonen:<\/strong><\/p>\n<p>Semah Sen<br \/>\n<img loading=\"lazy\" decoding=\"async\" class=\"alignnone wp-image-900 size-full\" src=\"https:\/\/vpd-mettmann.de\/wp-content\/uploads\/2018\/12\/Semah.jpg\" alt=\"sen\" width=\"150\" height=\"150\" \/><br \/>\n<a href=\"mailto:semah.sen@vpd-mettmann.de\">semah.sen@vpd-mettmann.de<\/a><br \/>\nTel.: +49 (0) 21 73 \/ 89 31 11 33<br \/>\nQualifikation: Qualit\u00e4tsmanagerin und Beauftragte<\/p>\n<p>Tanja Tettweiler<br \/>\n<img loading=\"lazy\" decoding=\"async\" class=\"alignnone wp-image-901 size-full\" src=\"https:\/\/vpd-mettmann.de\/wp-content\/uploads\/2018\/12\/Tettweiler-1.jpg\" alt=\"Tettweiler\" width=\"150\" height=\"150\" \/><br \/>\n<a href=\"mailto:tanja.tettweiler@vpd-mettmann.de\">tanja.tettweiler@vpd-mettmann.de<br \/>\n<\/a>Tel.: +49 (0) 21 73 \/ 89 31 11 18<br \/>\nQualifikation: QM Assistentin<\/p>\n<p>&nbsp;<\/p>\n<p style=\"text-align: left;\"><strong>Wir unterliegen der Schweigepflicht!<\/strong><\/p>\n<p style=\"text-align: left;\">\n","protected":false},"excerpt":{"rendered":"<p>Angebot: Qualit\u00e4tssicherung, Qualit\u00e4ts\u00fcberpr\u00fcfung, Verbesserung und Weiterentwicklung \u00d6ffnungszeiten: Mo.-Fr.: 9.00 Uhr &#8211; 17.00 Uhr Adresse: Heinrichstr. 5, 40764 Langenfeld und Im Schaufsfeld 13, 40764 Langenfeld Das m\u00f6chten wir unbedingt mitteilen: Der VPD hat bereits im Jahr 2007 ein zertifiziertes QM System nach DIN ISO 9001 aufgebaut und etabliert. Aktuell ist der Qualifizierungsbereich nach AZAV zertifiziert. Unser ambulanter Pflegedienst arbeitet seit \u00fcber einem Jahrzehnt nach den Grunds\u00e4tzen der gesetzlich vorgeschriebenen Qualit\u00e4tssicherung und wird mittels MDK regelm\u00e4\u00dfig \u00fcberwacht. Die station\u00e4ren und intensivbetreuten ambulanten&#8230;<\/p>\n<p class=\"read-more\"><a class=\"btn btn-default\" href=\"https:\/\/vpd-mettmann.de\/?page_id=349\">Weiterlesen<span class=\"screen-reader-text\"> Weiterlesen<\/span><\/a><\/p>\n","protected":false},"author":4,"featured_media":0,"parent":196,"menu_order":0,"comment_status":"closed","ping_status":"closed","template":"","meta":{"footnotes":""},"class_list":["post-349","page","type-page","status-publish","hentry"],"_links":{"self":[{"href":"https:\/\/vpd-mettmann.de\/index.php?rest_route=\/wp\/v2\/pages\/349","targetHints":{"allow":["GET"]}}],"collection":[{"href":"https:\/\/vpd-mettmann.de\/index.php?rest_route=\/wp\/v2\/pages"}],"about":[{"href":"https:\/\/vpd-mettmann.de\/index.php?rest_route=\/wp\/v2\/types\/page"}],"author":[{"embeddable":true,"href":"https:\/\/vpd-mettmann.de\/index.php?rest_route=\/wp\/v2\/users\/4"}],"replies":[{"embeddable":true,"href":"https:\/\/vpd-mettmann.de\/index.php?rest_route=%2Fwp%2Fv2%2Fcomments&post=349"}],"version-history":[{"count":25,"href":"https:\/\/vpd-mettmann.de\/index.php?rest_route=\/wp\/v2\/pages\/349\/revisions"}],"predecessor-version":[{"id":3727,"href":"https:\/\/vpd-mettmann.de\/index.php?rest_route=\/wp\/v2\/pages\/349\/revisions\/3727"}],"up":[{"embeddable":true,"href":"https:\/\/vpd-mettmann.de\/index.php?rest_route=\/wp\/v2\/pages\/196"}],"wp:attachment":[{"href":"https:\/\/vpd-mettmann.de\/index.php?rest_route=%2Fwp%2Fv2%2Fmedia&parent=349"}],"curies":[{"name":"wp","href":"https:\/\/api.w.org\/{rel}","templated":true}]}}