{"id":296,"date":"2018-04-17T08:55:08","date_gmt":"2018-04-17T08:55:08","guid":{"rendered":"https:\/\/vpd-mettmann.de\/?page_id=296"},"modified":"2026-01-09T16:36:52","modified_gmt":"2026-01-09T15:36:52","slug":"tagesstaette","status":"publish","type":"page","link":"https:\/\/vpd-mettmann.de\/?page_id=296","title":{"rendered":"Tagesstruktur"},"content":{"rendered":"<p><strong>Angebot<\/strong>:<\/p>\n<p><a href=\"https:\/\/vpd-mettmann.de\/wp-content\/uploads\/2018\/07\/Aussenansicht-TST-e1544434799660.jpg\"><img loading=\"lazy\" decoding=\"async\" class=\"wp-image-598 size-thumbnail\" src=\"https:\/\/vpd-mettmann.de\/wp-content\/uploads\/2018\/07\/Aussenansicht-TST-e1544434799660-150x150.jpg\" alt=\"\" width=\"150\" height=\"150\" \/><\/a><\/p>\n<p style=\"text-align: left;\">Die Tagesstruktur bietet verbindlich von 3 bis 5 Tagen in der Woche ein Besch\u00e4ftigungsprogramm aus verschiedenen Bereichen:<\/p>\n<ul>\n<li style=\"text-align: left;\"><a href=\"https:\/\/vpd-mettmann.de\/?page_id=568\"><strong>Buchbindebereich<\/strong><\/a>: Herstellung von Produkten aus Papier und Pappe<\/li>\n<li style=\"text-align: left;\"><a href=\"https:\/\/vpd-mettmann.de\/?page_id=581\"><strong>Kartenwerkstatt<\/strong><\/a>: Anfertigung von Gru\u00dfkarten zu Weihnachten und anderen Anl\u00e4ssen, Papiergestaltung mit Stempeln und Marmoriertechnik<\/li>\n<li style=\"text-align: left;\"><a href=\"https:\/\/vpd-mettmann.de\/?page_id=585\"><strong>Kreativbereich<\/strong><\/a>: z.B. Acrylmalerei, Handarbeiten, Serviettentechnik, Ged\u00e4chtnis- und Konzentrationstraining u.v.m.<\/li>\n<li style=\"text-align: left;\"><a href=\"https:\/\/vpd-mettmann.de\/?page_id=589\"><strong>K\u00fcchenbereich<\/strong><\/a>: Zubereitung des kosteng\u00fcnstigen Mittagessens<\/li>\n<li style=\"text-align: left;\"><a href=\"https:\/\/vpd-mettmann.de\/?page_id=595\"><strong>diverse Gruppenangebote<\/strong>:<\/a> z.B. Ausfl\u00fcge in der Umgebung, Trommeln, N\u00e4hen, Singen, Computereinf\u00fchrung, Kochgruppen, Kickern, Billard, Darten<\/li>\n<li style=\"text-align: left;\"><strong>Bewegungsangebote<\/strong>: z.B. Schwimmen, Kegeln, Wandern, Sportgruppen, Entspannung<\/li>\n<\/ul>\n<p style=\"text-align: left;\">F\u00fcr weitere Ideen und W\u00fcnsche sind wir jederzeit offen.<\/p>\n<p><strong>Wer kann mitmachen:<\/strong><\/p>\n<p style=\"text-align: left;\">Wir bieten seelisch erkrankten B\u00fcrgerinnen und B\u00fcrgern des s\u00fcdlichen Kreises Mettmann (Langenfeld, Hilden, Monheim, Haan), die zur Zeit keine regelm\u00e4\u00dfige Berufst\u00e4tigkeit aus\u00fcben k\u00f6nnen, die M\u00f6glichkeit<\/p>\n<ul>\n<li style=\"text-align: left;\">den eigenen Tagesablauf sinnvoll zu gestalten und<\/li>\n<li style=\"text-align: left;\">Kontakte zu kn\u00fcpfen und gemeinsam mit anderen Ideen zur Freizeitgestaltung zu entwickeln.<\/li>\n<\/ul>\n<p><strong>\u00d6ffnungszeiten:<\/strong><\/p>\n<p>Mo-Do: 8.30 Uhr &#8211; 15.30 Uhr<br \/>\nFr:\u00a0\u00a0\u00a0\u00a0\u00a0\u00a0 \u00a0\u00a0 8.30 Uhr &#8211; 14.00 Uhr<\/p>\n<p><strong>Hier finden Sie uns:<\/strong><\/p>\n<p style=\"text-align: left;\">Leichlinger Str. 13 a, 40764 Langenfeld-Immigrath<\/p>\n<p style=\"text-align: left;\">Anreise mit \u00f6ffentlichen Verkehrsmitteln: Haltestelle Immigrather Platz, Buslinien 791, 777<\/p>\n<p style=\"text-align: left;\"><strong>Das m\u00f6chten wir Interessierten unbedingt mitteilen:<br \/>\n<\/strong><\/p>\n<p style=\"text-align: left;\">Durch individuelle Betreuung werden Sie von unseren Fachkr\u00e4ften in der pers\u00f6nlichen Lebensplanung unterst\u00fctzt und in Krisenzeiten begleitet.<\/p>\n<p style=\"text-align: left;\">Der Landschaftsverband Rheinland \u00fcbernimmt die Kosten nach vorheriger Pr\u00fcfung der Einkommens- und Verm\u00f6gensgrenzen. Voraussetzung ist eine aufgrund Ihrer psychischen Erkrankung bestehende Erwerbsunf\u00e4higkeit und der Bezug von Grundsicherung oder Erwerbsminderungs- bzw. Altersrente. Fahrtkosten werden erstattet. In einzelnen F\u00e4llen steht ein Hol- und Bringdienst zur Verf\u00fcgung.<\/p>\n<p style=\"text-align: left;\">Bei der Antragstellung helfen wir Ihnen gerne.<\/p>\n<p style=\"text-align: left;\"><strong>Das ist uns besonders wichtig:<br \/>\n<\/strong><\/p>\n<p style=\"text-align: left;\">Wir laden Sie ein zu einem unverbindlichen Informationsgespr\u00e4ch. Bei bestehendem Interesse ist ein Schnuppertag m\u00f6glich, um sich \u00fcber unser Angebot zu informieren und uns n\u00e4her kennenzulernen.<\/p>\n<p style=\"text-align: left;\"><strong>Wir haben aktuell noch freie Pl\u00e4tze &#8211; ein Anruf lohnt sich!<br \/>\n<\/strong><\/p>\n<p style=\"text-align: left;\"><strong>Wir freuen uns auf Sie!<\/strong><\/p>\n<p style=\"text-align: left;\"><strong>Besondere Hinweise:<\/strong><\/p>\n<p style=\"text-align: left;\">Die Produkte aus dem Buchbindebereich und der Kartenwerkstatt werden auf dem Weihnachtsmarkt in Langenfeld-Richrath zum Verkauf angeboten oder auch nach individuellen W\u00fcnschen einzeln angefertigt. Eine Auswahl unserer Produktpalette zeigen wir Ihnen hier<a href=\"https:\/\/vpd-mettmann.de\/?page_id=568\"> (Fotos Produkte der Papierwerkstatt<\/a>)<a href=\"https:\/\/vpd-mettmann.de\/?page_id=581\"> (Fotos Produkte der Kartenwerkstatt).<\/a><\/p>\n<p><strong>Ansprechpartner:<\/strong><\/p>\n<p>Cordula Prinz, Leitung Tagesstruktur<strong><br \/>\n<\/strong><\/p>\n<p><img loading=\"lazy\" decoding=\"async\" class=\"wp-image-3498 size-thumbnail alignnone\" src=\"https:\/\/vpd-mettmann.de\/wp-content\/uploads\/2023\/04\/Bild-Cordula-Prinz-150x150.jpg\" alt=\"Cordula Prinz\" width=\"150\" height=\"150\" \/><br \/>\n<a href=\"mailto:cordula.prinz@vpd-mettmann.de\">cordula.prinz@vpd-mettmann.de<\/a><\/p>\n<p>Bernd R\u00f6ssel<br \/>\n<img loading=\"lazy\" decoding=\"async\" class=\"alignnone wp-image-1020 size-full\" src=\"https:\/\/vpd-mettmann.de\/wp-content\/uploads\/2018\/12\/R\u00f6ssel.jpg\" alt=\"R\u00f6ssel\" width=\"150\" height=\"150\" \/><br \/>\n<a href=\"mailto:bernd.roessel@vpd-mettmann.de\">bernd.roessel@vpd-mettmann.de<\/a><\/p>\n<p>Christoph Mekus<\/p>\n<p><a href=\"https:\/\/vpd-mettmann.de\/wp-content\/uploads\/2022\/01\/Mekus.jpg\"><img loading=\"lazy\" decoding=\"async\" class=\"wp-image-3041 size-thumbnail\" src=\"https:\/\/vpd-mettmann.de\/wp-content\/uploads\/2022\/01\/Mekus-150x150.jpg\" alt=\"Mekus\" width=\"150\" height=\"150\" \/><\/a><\/p>\n<p><a href=\"mailto:christoph.mekus@vpd-mettmann.de\">christoph.mekus@vpd-mettmann.de<\/a><\/p>\n<p>Aliza Haas<br \/>\n<img loading=\"lazy\" decoding=\"async\" class=\"alignnone size-full wp-image-1337\" src=\"https:\/\/vpd-mettmann.de\/wp-content\/uploads\/2018\/12\/Haas.jpg\" alt=\"Haas\" width=\"150\" height=\"150\" \/><br \/>\n<a href=\"mailto:aliza.haas@vpd-mettmann.de\">aliza.haas@vpd-mettmann.de<\/a><\/p>\n<p>Marion Stock<br \/>\n<img loading=\"lazy\" decoding=\"async\" class=\"alignnone\" src=\"https:\/\/vpd-mettmann.de\/wp-content\/uploads\/2021\/08\/mstock-150x150.jpg\" alt=\"\" width=\"150\" height=\"150\" \/><br \/>\n<a href=\"mailto:marion.stock@vpd-mettmann.de\">marion.stock@vpd-mettmann.de<\/a><\/p>\n<p style=\"text-align: left;\">Tel.: +49 (0) 21 73 \/ 89 31 11 77<br \/>\nFax: +49 (0) 21 73 \/ 89 31 10 33<\/p>\n<p style=\"text-align: left;\"><strong>Wir unterliegen der Schweigepflicht!<\/strong><\/p>\n<p><strong>Flyer:<\/strong><\/p>\n<p><a href=\"https:\/\/vpd-mettmann.de\/wp-content\/uploads\/2019\/09\/Tagesst\u00e4tte.pdf\">Tagesstruktur<\/a><\/p>\n<p>&nbsp;<\/p>\n","protected":false},"excerpt":{"rendered":"<p>Angebot: Die Tagesstruktur bietet verbindlich von 3 bis 5 Tagen in der Woche ein Besch\u00e4ftigungsprogramm aus verschiedenen Bereichen: Buchbindebereich: Herstellung von Produkten aus Papier und Pappe Kartenwerkstatt: Anfertigung von Gru\u00dfkarten zu Weihnachten und anderen Anl\u00e4ssen, Papiergestaltung mit Stempeln und Marmoriertechnik Kreativbereich: z.B. Acrylmalerei, Handarbeiten, Serviettentechnik, Ged\u00e4chtnis- und Konzentrationstraining u.v.m. K\u00fcchenbereich: Zubereitung des kosteng\u00fcnstigen Mittagessens diverse Gruppenangebote: z.B. Ausfl\u00fcge in der Umgebung, Trommeln, N\u00e4hen, Singen, Computereinf\u00fchrung, Kochgruppen, Kickern, Billard, Darten Bewegungsangebote: z.B. Schwimmen, Kegeln, Wandern, Sportgruppen, Entspannung F\u00fcr weitere Ideen und&#8230;<\/p>\n<p class=\"read-more\"><a class=\"btn btn-default\" href=\"https:\/\/vpd-mettmann.de\/?page_id=296\">Weiterlesen<span class=\"screen-reader-text\"> Weiterlesen<\/span><\/a><\/p>\n","protected":false},"author":4,"featured_media":0,"parent":211,"menu_order":0,"comment_status":"closed","ping_status":"closed","template":"","meta":{"footnotes":""},"class_list":["post-296","page","type-page","status-publish","hentry"],"_links":{"self":[{"href":"https:\/\/vpd-mettmann.de\/index.php?rest_route=\/wp\/v2\/pages\/296","targetHints":{"allow":["GET"]}}],"collection":[{"href":"https:\/\/vpd-mettmann.de\/index.php?rest_route=\/wp\/v2\/pages"}],"about":[{"href":"https:\/\/vpd-mettmann.de\/index.php?rest_route=\/wp\/v2\/types\/page"}],"author":[{"embeddable":true,"href":"https:\/\/vpd-mettmann.de\/index.php?rest_route=\/wp\/v2\/users\/4"}],"replies":[{"embeddable":true,"href":"https:\/\/vpd-mettmann.de\/index.php?rest_route=%2Fwp%2Fv2%2Fcomments&post=296"}],"version-history":[{"count":91,"href":"https:\/\/vpd-mettmann.de\/index.php?rest_route=\/wp\/v2\/pages\/296\/revisions"}],"predecessor-version":[{"id":4320,"href":"https:\/\/vpd-mettmann.de\/index.php?rest_route=\/wp\/v2\/pages\/296\/revisions\/4320"}],"up":[{"embeddable":true,"href":"https:\/\/vpd-mettmann.de\/index.php?rest_route=\/wp\/v2\/pages\/211"}],"wp:attachment":[{"href":"https:\/\/vpd-mettmann.de\/index.php?rest_route=%2Fwp%2Fv2%2Fmedia&parent=296"}],"curies":[{"name":"wp","href":"https:\/\/api.w.org\/{rel}","templated":true}]}}