{"id":265,"date":"2018-02-26T10:13:26","date_gmt":"2018-02-26T10:13:26","guid":{"rendered":"https:\/\/vpd-mettmann.de\/?page_id=265"},"modified":"2024-08-26T10:15:54","modified_gmt":"2024-08-26T09:15:54","slug":"geschaeftsstelle-verwaltung","status":"publish","type":"page","link":"https:\/\/vpd-mettmann.de\/?page_id=265","title":{"rendered":"Gesch\u00e4ftsstelle, Verwaltung"},"content":{"rendered":"<p><strong>\u00d6ffnungszeiten:<\/strong><\/p>\n<p>Mo-Do: 09.00 Uhr &#8211; 16.00 Uhr<br \/>\nFr:\u00a0\u00a0\u00a0\u00a0\u00a0\u00a0\u00a0\u00a0\u00a0 09.00 Uhr &#8211; 14.00 Uhr<\/p>\n<p><strong>Adresse:<\/strong><\/p>\n<p>Heinrichstr. 5, 40764 Langenfeld<\/p>\n<p><strong>Wer kann mitmachen:<\/strong><\/p>\n<p>Kooperationspartner*innen, Bewerber*innen, Klient*innen, Angeh\u00f6rige etc.<\/p>\n<p><strong>Ansprechpersonen:<\/strong><\/p>\n<p>Carsten Frese, Gesch\u00e4ftsf\u00fchrer<br \/>\n<img loading=\"lazy\" decoding=\"async\" class=\"alignnone wp-image-872 size-full\" src=\"https:\/\/vpd-mettmann.de\/wp-content\/uploads\/2018\/12\/Frese.jpg\" alt=\"Frese\" width=\"150\" height=\"150\" \/><br \/>\n<a href=\"mailto:geschaeftsstelle@vpd-mettmann.de\">geschaeftsstelle@vpd-mettmann.de<\/a><br \/>\nTel.: +49 (0) 21 73 \/ 89 31 11 35<br \/>\nFax: +49 (0) 21 73 \/ 89 31 11 36<\/p>\n<p>Birgit Sebastian, Prokuristin<br \/>\n<img loading=\"lazy\" decoding=\"async\" class=\"alignnone wp-image-881 size-full\" src=\"https:\/\/vpd-mettmann.de\/wp-content\/uploads\/2018\/12\/Sebastian.jpg\" alt=\"Sebastian\" width=\"150\" height=\"150\" \/><br \/>\n+49 (0) 21 73 \/ 89 31 1064<br \/>\n<a href=\"mailto:birgit.sebastian@vpd-mettmann.de\">birgit.sebastian@vpd-mettmann.de<\/a><\/p>\n<p>Pia Bartoschek<br \/>\n<img loading=\"lazy\" decoding=\"async\" class=\"alignnone wp-image-879 size-full\" src=\"https:\/\/vpd-mettmann.de\/wp-content\/uploads\/2018\/12\/Bartoschek.jpg\" alt=\"\" width=\"150\" height=\"150\" \/><br \/>\n+49 (0) 21 73 \/ 89 31 11 19<br \/>\n<a href=\"mailto:pia.bartoschek@vpd-mettmann.de\">pia.bartoschek@vpd-mettmann.de<\/a><\/p>\n<p>Kerstin Guttek<br \/>\n<img loading=\"lazy\" decoding=\"async\" class=\"alignnone wp-image-877 size-full\" src=\"https:\/\/vpd-mettmann.de\/wp-content\/uploads\/2018\/12\/Guttek.jpg\" alt=\"Guttek\" width=\"150\" height=\"150\" \/><br \/>\n+49 (0) 21 73 \/ 89 31 10 60<br \/>\n<a href=\"mailto:kerstin.guttek@vpd-mettmann.de\">kerstin.guttek@vpd-mettmann.de<\/a><\/p>\n<p>Anke Jakobs<br \/>\n<img loading=\"lazy\" decoding=\"async\" class=\"alignnone wp-image-878 size-full\" src=\"https:\/\/vpd-mettmann.de\/wp-content\/uploads\/2018\/12\/Jakobs.jpg\" alt=\"Jakobs\" width=\"150\" height=\"150\" \/><br \/>\n+49 (0) 21 73 \/ 89 31 10 15<br \/>\n<a href=\"mailto:anke.jakobs@vpd-mettmann.de\">anke.jakobs@vpd-mettmann.de<\/a><\/p>\n<p>Ingrid Lin<\/p>\n<p><img loading=\"lazy\" decoding=\"async\" class=\"size-full wp-image-999\" src=\"https:\/\/vpd-mettmann.de\/wp-content\/uploads\/2018\/12\/Lin.jpg\" alt=\"Lin\" width=\"150\" height=\"150\" \/><\/p>\n<p>+49 (0) 21 73 \/ 89 31 10 59<br \/>\n<a href=\"mailto:ingrid.lin@vpd-mettmann.de\">ingrid.lin@vpd-mettmann.de<\/a><\/p>\n<p>Katja Marx<br \/>\n<img loading=\"lazy\" decoding=\"async\" class=\"alignnone wp-image-880 size-full\" src=\"https:\/\/vpd-mettmann.de\/wp-content\/uploads\/2018\/12\/Marx-2.jpg\" alt=\"Marx\" width=\"150\" height=\"150\" \/><br \/>\n+49 (0) 2173 \/ 89 31 10 63<br \/>\n<a href=\"mailto:katja.marx@vpd-mettmann.de\">katja.marx@vpd-mettmann.de<\/a><\/p>\n<p>Tanja Tettweiler<br \/>\n<img loading=\"lazy\" decoding=\"async\" class=\"alignnone wp-image-882 size-full\" src=\"https:\/\/vpd-mettmann.de\/wp-content\/uploads\/2018\/12\/Tettweiler.jpg\" alt=\"Tettweiler\" width=\"150\" height=\"150\" \/><br \/>\n+49 (0) 21 73 \/ 89 31 11 18<br \/>\n<a href=\"mailto:tanja.tettweiler@vpd-mettmann.de\">tanja.tettweiler@vpd-mettmann.de<\/a><\/p>\n<p>Klaus Ulbricht<br \/>\n<img loading=\"lazy\" decoding=\"async\" class=\"alignnone size-thumbnail wp-image-245\" src=\"https:\/\/vpd-mettmann.de\/wp-content\/uploads\/2018\/02\/ansprechpartner-150x150.png\" alt=\"Platzhalterbild des Ansprechpartners f\u00fcr dieses Angebot\" width=\"150\" height=\"150\" \/><br \/>\n+49 (0) 21 73 \/ 89 31 11 34<br \/>\n<a href=\"mailto:klaus.ulbricht@vpd-mettmann.de\">klaus.ulbricht@vpd-mettmann.de<\/a><\/p>\n<p>&nbsp;<\/p>\n<p style=\"text-align: left;\"><strong>Wir unterliegen der Schweigepflicht!<\/strong><\/p>\n","protected":false},"excerpt":{"rendered":"<p>\u00d6ffnungszeiten: Mo-Do: 09.00 Uhr &#8211; 16.00 Uhr Fr:\u00a0\u00a0\u00a0\u00a0\u00a0\u00a0\u00a0\u00a0\u00a0 09.00 Uhr &#8211; 14.00 Uhr Adresse: Heinrichstr. 5, 40764 Langenfeld Wer kann mitmachen: Kooperationspartner*innen, Bewerber*innen, Klient*innen, Angeh\u00f6rige etc. Ansprechpersonen: Carsten Frese, Gesch\u00e4ftsf\u00fchrer geschaeftsstelle@vpd-mettmann.de Tel.: +49 (0) 21 73 \/ 89 31 11 35 Fax: +49 (0) 21 73 \/ 89 31 11 36 Birgit Sebastian, Prokuristin +49 (0) 21 73 \/ 89 31 1064 birgit.sebastian@vpd-mettmann.de Pia Bartoschek +49 (0) 21 73 \/ 89 31 11 19 pia.bartoschek@vpd-mettmann.de Kerstin Guttek +49 (0) 21&#8230;<\/p>\n<p class=\"read-more\"><a class=\"btn btn-default\" href=\"https:\/\/vpd-mettmann.de\/?page_id=265\">Weiterlesen<span class=\"screen-reader-text\"> Weiterlesen<\/span><\/a><\/p>\n","protected":false},"author":4,"featured_media":0,"parent":196,"menu_order":0,"comment_status":"closed","ping_status":"closed","template":"","meta":{"footnotes":""},"class_list":["post-265","page","type-page","status-publish","hentry"],"_links":{"self":[{"href":"https:\/\/vpd-mettmann.de\/index.php?rest_route=\/wp\/v2\/pages\/265","targetHints":{"allow":["GET"]}}],"collection":[{"href":"https:\/\/vpd-mettmann.de\/index.php?rest_route=\/wp\/v2\/pages"}],"about":[{"href":"https:\/\/vpd-mettmann.de\/index.php?rest_route=\/wp\/v2\/types\/page"}],"author":[{"embeddable":true,"href":"https:\/\/vpd-mettmann.de\/index.php?rest_route=\/wp\/v2\/users\/4"}],"replies":[{"embeddable":true,"href":"https:\/\/vpd-mettmann.de\/index.php?rest_route=%2Fwp%2Fv2%2Fcomments&post=265"}],"version-history":[{"count":71,"href":"https:\/\/vpd-mettmann.de\/index.php?rest_route=\/wp\/v2\/pages\/265\/revisions"}],"predecessor-version":[{"id":4056,"href":"https:\/\/vpd-mettmann.de\/index.php?rest_route=\/wp\/v2\/pages\/265\/revisions\/4056"}],"up":[{"embeddable":true,"href":"https:\/\/vpd-mettmann.de\/index.php?rest_route=\/wp\/v2\/pages\/196"}],"wp:attachment":[{"href":"https:\/\/vpd-mettmann.de\/index.php?rest_route=%2Fwp%2Fv2%2Fmedia&parent=265"}],"curies":[{"name":"wp","href":"https:\/\/api.w.org\/{rel}","templated":true}]}}