{"id":228,"date":"2018-02-26T09:20:59","date_gmt":"2018-02-26T09:20:59","guid":{"rendered":"https:\/\/vpd-mettmann.de\/?page_id=228"},"modified":"2026-02-03T09:14:48","modified_gmt":"2026-02-03T08:14:48","slug":"integrationsfachdienst-ifd","status":"publish","type":"page","link":"https:\/\/vpd-mettmann.de\/?page_id=228","title":{"rendered":"Integrationsfachdienst &#8211; IFD"},"content":{"rendered":"<p style=\"text-align: left;\"><strong>Was ist der Integrationsfachdienst?<\/strong><\/p>\n<p style=\"text-align: left;\">Wir kennen den Arbeitsmarkt in unserer Region umfassend und pflegen zu vielen Firmen regelm\u00e4\u00dfigen Kontakt. Seit Jahren arbeiten wir vernetzt mit Beh\u00f6rden, Verb\u00e4nden, niedergelassenen \u00c4rzt*innen, Kliniken, Rehabilitationseinrichtungen, Schulen, Werkst\u00e4tten f\u00fcr\u00a0 Menschen mit Behinderungen etc. zusammen.<\/p>\n<p style=\"text-align: left;\">Wir verf\u00fcgen \u00fcber spezifische psychiatrische Fachkenntnisse und bieten kompetente Beratung f\u00fcr\u00a0 Menschen mit psychischen Behinderungen.<\/p>\n<p style=\"text-align: left;\">Als Fachberatungsstelle informiert und ber\u00e4t der IFD<\/p>\n<ul>\n<li style=\"text-align: left;\">Besch\u00e4ftigte (schwer-) behinderte Menschen<\/li>\n<\/ul>\n<ul style=\"text-align: left;\">\n<li>Arbeitgeber*innen, die bereits schwerbehinderte Menschen besch\u00e4ftigen<\/li>\n<\/ul>\n<ul style=\"text-align: left;\">\n<li>Betriebs- und Personalr\u00e4te\/-r\u00e4tinnen<\/li>\n<\/ul>\n<ul style=\"text-align: left;\">\n<li>Schwerbehindertenvertretungen<\/li>\n<\/ul>\n<ul style=\"text-align: left;\">\n<li>Vorgesetzte*r und Kolleg*innen<\/li>\n<\/ul>\n<p style=\"text-align: left;\">in Fragen zur Teilhabe am Arbeitsleben.<\/p>\n<p style=\"text-align: left;\">Gemeinsam mit den Ratsuchenden entwickelt der IFD Perspektiven f\u00fcr die individuelle Situation und erarbeitet L\u00f6sungswege. Die Mitarbeiterinnen und Mitarbeiter des IFD unterliegen der Schweigepflicht.<\/p>\n<p style=\"text-align: left;\"><strong>\u00d6ffnungszeiten:<\/strong><\/p>\n<p style=\"text-align: left;\">Termine nach Absprache. Telefonisch am besten erreichbar zwischen 9.00 Uhr und 16.00 Uhr.<\/p>\n<p style=\"text-align: left;\"><strong>Adresse:<\/strong><\/p>\n<p style=\"text-align: left;\">Schwarzbachstr. 61a, 40822 Mettmann<\/p>\n<p>Erreichbarkeit: Der n\u00e4chstgelegene Bahnhof ist Mettmann Zentrum, n\u00e4chstgelegene Bushaltestelle ist Hammerstra\u00dfe, aber auch die Haltestelle Jubil\u00e4umsplatz ist fu\u00dfl\u00e4ufig nur wenige Minuten entfernt.<br \/>\nParkpl\u00e4tze sind vorhanden.<\/p>\n<p><strong>Unsere Leistungen:<\/strong><\/p>\n<ul>\n<li style=\"text-align: left;\">Erarbeitung einer realistischen beruflichen Perspektive<\/li>\n<\/ul>\n<ul style=\"text-align: left;\">\n<li>Unterst\u00fctzung bei der stufenweisen Wiedereingliederung<\/li>\n<\/ul>\n<ul style=\"text-align: left;\">\n<li>Krisenintervention und psychosoziale Betreuung<\/li>\n<\/ul>\n<ul style=\"text-align: left;\">\n<li>Beratung in Einzelf\u00e4llen des betrieblichen Eingliederungsmanagements<\/li>\n<\/ul>\n<p style=\"text-align: left;\"><strong>Unser Service:<\/strong><\/p>\n<ul>\n<li style=\"text-align: left;\">Information \u00fcber die Unterst\u00fctzungsm\u00f6glichkeiten der unterschiedlichen Sozialleistungstr\u00e4ger<\/li>\n<\/ul>\n<ul>\n<li style=\"text-align: left;\">Kl\u00e4rung des zust\u00e4ndigen Leistungstr\u00e4gers<\/li>\n<\/ul>\n<p>&nbsp;<\/p>\n<p><img loading=\"lazy\" decoding=\"async\" class=\"alignnone size-full wp-image-1680\" src=\"https:\/\/vpd-mettmann.de\/wp-content\/uploads\/2019\/05\/Logo-LVR-IFD.jpg\" alt=\"Logo des IFD und des LVR\" width=\"688\" height=\"121\" \/><\/p>\n<p><strong>Ansprechpersonen:<\/strong><\/p>\n<p>Georg Jahn, Teamkoordinator, Fachberater<a href=\"https:\/\/vpd-mettmann.de\/wp-content\/uploads\/2018\/12\/VPD_2018_10-339.jpg\"><br \/>\n<\/a><a href=\"mailto:ifd@ifd-mettmann.de\">ifd@ifd-mettmann.de<\/a><a href=\"https:\/\/vpd-mettmann.de\/wp-content\/uploads\/2018\/12\/VPD_2018_10-339.jpg\"><br \/>\n<\/a>Tel.: +49 (0) 21 73 \/ 89 31 12 40<br \/>\nFax: +49 (0) 21 73 \/ 89 31 10 24<\/p>\n<p>&nbsp;<\/p>\n<p style=\"text-align: left;\"><strong>Wir unterliegen der Schweigepflicht!<\/strong><\/p>\n","protected":false},"excerpt":{"rendered":"<p>Was ist der Integrationsfachdienst? Wir kennen den Arbeitsmarkt in unserer Region umfassend und pflegen zu vielen Firmen regelm\u00e4\u00dfigen Kontakt. Seit Jahren arbeiten wir vernetzt mit Beh\u00f6rden, Verb\u00e4nden, niedergelassenen \u00c4rzt*innen, Kliniken, Rehabilitationseinrichtungen, Schulen, Werkst\u00e4tten f\u00fcr\u00a0 Menschen mit Behinderungen etc. zusammen. Wir verf\u00fcgen \u00fcber spezifische psychiatrische Fachkenntnisse und bieten kompetente Beratung f\u00fcr\u00a0 Menschen mit psychischen Behinderungen. Als Fachberatungsstelle informiert und ber\u00e4t der IFD Besch\u00e4ftigte (schwer-) behinderte Menschen Arbeitgeber*innen, die bereits schwerbehinderte Menschen besch\u00e4ftigen Betriebs- und Personalr\u00e4te\/-r\u00e4tinnen Schwerbehindertenvertretungen Vorgesetzte*r und Kolleg*innen in Fragen&#8230;<\/p>\n<p class=\"read-more\"><a class=\"btn btn-default\" href=\"https:\/\/vpd-mettmann.de\/?page_id=228\">Weiterlesen<span class=\"screen-reader-text\"> Weiterlesen<\/span><\/a><\/p>\n","protected":false},"author":4,"featured_media":0,"parent":211,"menu_order":0,"comment_status":"closed","ping_status":"closed","template":"","meta":{"footnotes":""},"class_list":["post-228","page","type-page","status-publish","hentry"],"_links":{"self":[{"href":"https:\/\/vpd-mettmann.de\/index.php?rest_route=\/wp\/v2\/pages\/228","targetHints":{"allow":["GET"]}}],"collection":[{"href":"https:\/\/vpd-mettmann.de\/index.php?rest_route=\/wp\/v2\/pages"}],"about":[{"href":"https:\/\/vpd-mettmann.de\/index.php?rest_route=\/wp\/v2\/types\/page"}],"author":[{"embeddable":true,"href":"https:\/\/vpd-mettmann.de\/index.php?rest_route=\/wp\/v2\/users\/4"}],"replies":[{"embeddable":true,"href":"https:\/\/vpd-mettmann.de\/index.php?rest_route=%2Fwp%2Fv2%2Fcomments&post=228"}],"version-history":[{"count":58,"href":"https:\/\/vpd-mettmann.de\/index.php?rest_route=\/wp\/v2\/pages\/228\/revisions"}],"predecessor-version":[{"id":4346,"href":"https:\/\/vpd-mettmann.de\/index.php?rest_route=\/wp\/v2\/pages\/228\/revisions\/4346"}],"up":[{"embeddable":true,"href":"https:\/\/vpd-mettmann.de\/index.php?rest_route=\/wp\/v2\/pages\/211"}],"wp:attachment":[{"href":"https:\/\/vpd-mettmann.de\/index.php?rest_route=%2Fwp%2Fv2%2Fmedia&parent=228"}],"curies":[{"name":"wp","href":"https:\/\/api.w.org\/{rel}","templated":true}]}}