{"id":211,"date":"2018-02-26T08:39:49","date_gmt":"2018-02-26T08:39:49","guid":{"rendered":"https:\/\/vpd-mettmann.de\/?page_id=211"},"modified":"2024-08-26T13:40:39","modified_gmt":"2024-08-26T12:40:39","slug":"wir-bieten-an","status":"publish","type":"page","link":"https:\/\/vpd-mettmann.de\/?page_id=211","title":{"rendered":"Wir bieten an"},"content":{"rendered":"<p style=\"text-align: left;\">Psychische Erkrankungen wie Depressionen, Schizophrenie oder Psychosen nehmen zu und z\u00e4hlen mittlerweile zu den h\u00e4ufigsten Erkrankungen in unserer Gesellschaft. Hiermit gehen Leid und Isolation der Betroffenen und deren Angeh\u00f6rigen einher. Dem wollen wir entgegenwirken.<\/p>\n<p style=\"text-align: left;\"><strong>Wir bieten: <\/strong><\/p>\n<p style=\"text-align: left;\">Hilfen zur Strukturierung Ihres Alltags durch eine<\/p>\n<ul style=\"text-align: left;\">\n<li>Tagesst\u00e4tte mit vielf\u00e4ltigem Besch\u00e4ftigungsangebot<\/li>\n<li>Gruppenangebote<\/li>\n<li>Orte, an denen Sie sich mit anderen Menschen austauschen, spielen, diskutieren oder kreativ sein k\u00f6nnen<\/li>\n<li>Beratung<\/li>\n<li>Ambulante Betreuung in Ihrer Wohnung<\/li>\n<li>Wohngemeinschaften<\/li>\n<li>Station\u00e4re Wohnheime<\/li>\n<li>M\u00f6glichkeiten, einen Ein- oder Wiedereinstieg in das Berufsleben zu erleichtern<\/li>\n<\/ul>\n<p style=\"text-align: left;\">\n","protected":false},"excerpt":{"rendered":"<p>Psychische Erkrankungen wie Depressionen, Schizophrenie oder Psychosen nehmen zu und z\u00e4hlen mittlerweile zu den h\u00e4ufigsten Erkrankungen in unserer Gesellschaft. Hiermit gehen Leid und Isolation der Betroffenen und deren Angeh\u00f6rigen einher. Dem wollen wir entgegenwirken. Wir bieten: Hilfen zur Strukturierung Ihres Alltags durch eine Tagesst\u00e4tte mit vielf\u00e4ltigem Besch\u00e4ftigungsangebot Gruppenangebote Orte, an denen Sie sich mit anderen Menschen austauschen, spielen, diskutieren oder kreativ sein k\u00f6nnen Beratung Ambulante Betreuung in Ihrer Wohnung Wohngemeinschaften Station\u00e4re Wohnheime M\u00f6glichkeiten, einen Ein- oder Wiedereinstieg in das Berufsleben&#8230;<\/p>\n<p class=\"read-more\"><a class=\"btn btn-default\" href=\"https:\/\/vpd-mettmann.de\/?page_id=211\">Weiterlesen<span class=\"screen-reader-text\"> Weiterlesen<\/span><\/a><\/p>\n","protected":false},"author":4,"featured_media":0,"parent":0,"menu_order":0,"comment_status":"closed","ping_status":"closed","template":"","meta":{"footnotes":""},"class_list":["post-211","page","type-page","status-publish","hentry"],"_links":{"self":[{"href":"https:\/\/vpd-mettmann.de\/index.php?rest_route=\/wp\/v2\/pages\/211","targetHints":{"allow":["GET"]}}],"collection":[{"href":"https:\/\/vpd-mettmann.de\/index.php?rest_route=\/wp\/v2\/pages"}],"about":[{"href":"https:\/\/vpd-mettmann.de\/index.php?rest_route=\/wp\/v2\/types\/page"}],"author":[{"embeddable":true,"href":"https:\/\/vpd-mettmann.de\/index.php?rest_route=\/wp\/v2\/users\/4"}],"replies":[{"embeddable":true,"href":"https:\/\/vpd-mettmann.de\/index.php?rest_route=%2Fwp%2Fv2%2Fcomments&post=211"}],"version-history":[{"count":15,"href":"https:\/\/vpd-mettmann.de\/index.php?rest_route=\/wp\/v2\/pages\/211\/revisions"}],"predecessor-version":[{"id":3935,"href":"https:\/\/vpd-mettmann.de\/index.php?rest_route=\/wp\/v2\/pages\/211\/revisions\/3935"}],"wp:attachment":[{"href":"https:\/\/vpd-mettmann.de\/index.php?rest_route=%2Fwp%2Fv2%2Fmedia&parent=211"}],"curies":[{"name":"wp","href":"https:\/\/api.w.org\/{rel}","templated":true}]}}