{"id":196,"date":"2018-02-26T08:03:56","date_gmt":"2018-02-26T08:03:56","guid":{"rendered":"https:\/\/vpd-mettmann.de\/?page_id=196"},"modified":"2019-03-08T12:54:28","modified_gmt":"2019-03-08T11:54:28","slug":"ueber-uns","status":"publish","type":"page","link":"https:\/\/vpd-mettmann.de\/?page_id=196","title":{"rendered":"Herzlich Willkommen!"},"content":{"rendered":"<p style=\"text-align: left;\"><strong>Beim Verbund f\u00fcr Psychosoziale Dienstleistungen gGmbH<\/strong><\/p>\n<blockquote>\n<p style=\"text-align: left;\">Selbst\u00e4ndig, aber nicht auf sich alleine gestellt, nach diesem Prinzip arbeiten wir seit 40 Jahren und m\u00f6chten Sie begleiten.<\/p>\n<\/blockquote>\n<p style=\"text-align: left;\">Viele unserer Klienten, die seelisch erkrankt, durch Behinderung, Krankheit oder Alter gehandicapt sind, empfinden ihr Leben als auswegloses Labyrinth.<\/p>\n<p style=\"text-align: left;\">Wir m\u00f6chten mit Ihnen einen Weg daraus finden und Ihr Leben (wieder) lebenswert machen. Durch langj\u00e4hrige Erfahrungen stellen wir ein breites Angebot, welches Beratung, ambulante und station\u00e4re Betreuung sowie Angebote zum Ein- oder Wiedereinstieg in das Berufsleben umschlie\u00dft, zur Verf\u00fcgung.<\/p>\n<p style=\"text-align: left;\"><strong>NEHMEN SIE MIT UNS KONTAKT AUF &#8211; WIR SIND F\u00dcR SIE DA.<br \/>\nAm schnellsten geht es \u00fcber den Chat &#8211; einfach das Symbol rechts unten anklicken!<\/strong><\/p>\n","protected":false},"excerpt":{"rendered":"<p>Beim Verbund f\u00fcr Psychosoziale Dienstleistungen gGmbH Selbst\u00e4ndig, aber nicht auf sich alleine gestellt, nach diesem Prinzip arbeiten wir seit 40 Jahren und m\u00f6chten Sie begleiten. Viele unserer Klienten, die seelisch erkrankt, durch Behinderung, Krankheit oder Alter gehandicapt sind, empfinden ihr Leben als auswegloses Labyrinth. Wir m\u00f6chten mit Ihnen einen Weg daraus finden und Ihr Leben (wieder) lebenswert machen. Durch langj\u00e4hrige Erfahrungen stellen wir ein breites Angebot, welches Beratung, ambulante und station\u00e4re Betreuung sowie Angebote zum Ein- oder Wiedereinstieg in das&#8230;<\/p>\n<p class=\"read-more\"><a class=\"btn btn-default\" href=\"https:\/\/vpd-mettmann.de\/?page_id=196\">Weiterlesen<span class=\"screen-reader-text\"> Weiterlesen<\/span><\/a><\/p>\n","protected":false},"author":4,"featured_media":0,"parent":0,"menu_order":0,"comment_status":"closed","ping_status":"closed","template":"","meta":{"footnotes":""},"class_list":["post-196","page","type-page","status-publish","hentry"],"_links":{"self":[{"href":"https:\/\/vpd-mettmann.de\/index.php?rest_route=\/wp\/v2\/pages\/196","targetHints":{"allow":["GET"]}}],"collection":[{"href":"https:\/\/vpd-mettmann.de\/index.php?rest_route=\/wp\/v2\/pages"}],"about":[{"href":"https:\/\/vpd-mettmann.de\/index.php?rest_route=\/wp\/v2\/types\/page"}],"author":[{"embeddable":true,"href":"https:\/\/vpd-mettmann.de\/index.php?rest_route=\/wp\/v2\/users\/4"}],"replies":[{"embeddable":true,"href":"https:\/\/vpd-mettmann.de\/index.php?rest_route=%2Fwp%2Fv2%2Fcomments&post=196"}],"version-history":[{"count":10,"href":"https:\/\/vpd-mettmann.de\/index.php?rest_route=\/wp\/v2\/pages\/196\/revisions"}],"predecessor-version":[{"id":1556,"href":"https:\/\/vpd-mettmann.de\/index.php?rest_route=\/wp\/v2\/pages\/196\/revisions\/1556"}],"wp:attachment":[{"href":"https:\/\/vpd-mettmann.de\/index.php?rest_route=%2Fwp%2Fv2%2Fmedia&parent=196"}],"curies":[{"name":"wp","href":"https:\/\/api.w.org\/{rel}","templated":true}]}}