{"id":1923,"date":"2019-11-14T12:28:56","date_gmt":"2019-11-14T11:28:56","guid":{"rendered":"https:\/\/vpd-mettmann.de\/?page_id=1923"},"modified":"2026-01-07T09:55:16","modified_gmt":"2026-01-07T08:55:16","slug":"angehoerigengruppe","status":"publish","type":"page","link":"https:\/\/vpd-mettmann.de\/?page_id=1923","title":{"rendered":"Angeh\u00f6rigengruppe"},"content":{"rendered":"<p><strong>Angebot<\/strong>:<\/p>\n<p style=\"text-align: left;\">Seit vielen Jahren begleitet der VPD eine Angeh\u00f6rigengruppe, in der Familienangeh\u00f6rige, Bekannte und Freunde von psychisch erkrankten Menschen teilnehmen k\u00f6nnen.<\/p>\n<p><strong>Wer kann mitmachen:<\/strong><\/p>\n<p style=\"text-align: left;\">Familienangeh\u00f6rige, Freunde, Bekannte von psychisch erkrankten Menschen<\/p>\n<p><strong>\u00d6ffnungszeiten:<\/strong><\/p>\n<p>In der Regel jeden 3. Donnerstag im Monat von 18.00 Uhr bis 20.00 Uhr.<\/p>\n<p>* Im August 2026 machen auch wir eine Sommerpause und die Angeh\u00f6rigengruppe f\u00e4llt in diesem Monat aus.<br \/>\n* Im Dezember 2026 findet ausnahmsweise die Angeh\u00f6rigengruppe bereits am 2. Donnerstag statt (10.12.2026).<\/p>\n<p><strong>Adresse:<\/strong><\/p>\n<p>VPD Tagesst\u00e4tte<\/p>\n<p>Leichlinger Str. 13a<br \/>\n40764 Langenfeld<\/p>\n<p style=\"text-align: left;\"><strong>Das m\u00f6chten wir unbedingt mitteilen:<\/strong><\/p>\n<p style=\"text-align: left;\">In dieser Gespr\u00e4chsgruppe geht es vorrangig um die eigenen Sorgen und Schwierigkeiten im Umgang und im Zusammenleben mit psychisch erkrankten Menschen. <strong>Es wird ein Raum geschaffen, wo einmal die Angeh\u00f6rigen im Vordergrund stehen!<\/strong> Durch den gegenseitigen Erfahrungsaustausch und Unterst\u00fctzung k\u00f6nnen Angeh\u00f6rige <strong>neue Wege im Umgang<\/strong> mit den Betroffenen kennen lernen, eigene Freir\u00e4ume zur\u00fcckerobern und angespannte Situationen f\u00fcr alle erleichtern. Auch k\u00f6nnen durch den Austausch in der Gruppe vielleicht neue L\u00f6sungswege entstehen.<strong> Es besteht die M\u00f6glichkeit, konkrete Informationen \u00fcber seelische Erkrankungen zu erhalten und zu vertiefen.<\/strong><\/p>\n<p style=\"text-align: left;\">Dieser Gespr\u00e4chskreis ist eine offene Gruppe, neue TeilnehmerInnen sind herzlich willkommen. In der Regel treffen sich die Teilnehmenden eine 1\/4 Stunde vorher und nutzen die M\u00f6glichkeit zum vorzeitigen Austausch.<\/p>\n<p><strong>Das ist uns besonders wichtig:<\/strong><\/p>\n<p style=\"text-align: left;\">Das Angebot ist kostenlos und alle Teilnehmenden unterliegen der Schweigepflicht.<\/p>\n<p style=\"text-align: left;\">Es besteht keine weitere Teilnahmevoraussetzung.<\/p>\n<p style=\"text-align: left;\">Bei Fragen und zu weiteren Informationen stehen wir Ihnen gerne telefonisch zur Verf\u00fcgung.<\/p>\n<p><strong>Ansprechpersonen:<\/strong><\/p>\n<p>Kerstin Riemenschneider<br \/>\n<a href=\"https:\/\/vpd-mettmann.de\/wp-content\/uploads\/2018\/12\/Riemenschneider.jpg\"><img loading=\"lazy\" decoding=\"async\" class=\"size-full wp-image-933\" src=\"https:\/\/vpd-mettmann.de\/wp-content\/uploads\/2018\/12\/Riemenschneider.jpg\" alt=\"Riemenschneider\" width=\"150\" height=\"150\" \/><\/a><br \/>\n<a href=\"mailto:kerstin.riemenschneider@vpd-mettmann.de\">kerstin.riemenschneider@vpd-mettmann.de<\/a><br \/>\nMobil: +49 (0) 15 90 \/ 4 23 10 51<\/p>\n<p>Marion Stock<br \/>\n<img loading=\"lazy\" decoding=\"async\" class=\"alignnone size-full wp-image-2900\" src=\"https:\/\/vpd-mettmann.de\/wp-content\/uploads\/2021\/08\/mstock.jpg\" alt=\"\" width=\"150\" height=\"150\" \/><br \/>\n<a href=\"mailto:marion.stock@vpd-mettmann.de\">marion.stock@vpd-mettmann.de<\/a><br \/>\nTel.: +49(0)2173 \/ 89311177<\/p>\n<p>Georg Jahn<br \/>\n<a href=\"https:\/\/vpd-mettmann.de\/wp-content\/uploads\/2021\/09\/Georg-Jahn-Lichtbild-1.jpg\"><img loading=\"lazy\" decoding=\"async\" class=\"alignnone wp-image-2941 size-thumbnail\" src=\"https:\/\/vpd-mettmann.de\/wp-content\/uploads\/2021\/09\/Georg-Jahn-Lichtbild-1-150x150.jpg\" alt=\"\" width=\"150\" height=\"150\" \/><\/a><br \/>\n<a href=\"mailto:georg.jahn@vpd-mettamnn.de\">georg.jahn@vpd-mettamnn.de<\/a><br \/>\nTel.: +49 (0)2173 \/ 89 31 12 40<br \/>\nMobil: +49 (0) 178 \/ 927 93 62<\/p>\n<p>Marion Stock<br \/>\n<a href=\"https:\/\/vpd-mettmann.de\/wp-content\/uploads\/2023\/04\/Bild-Cordula-Prinz-scaled.jpg\"><img loading=\"lazy\" decoding=\"async\" class=\"wp-image-3498 size-thumbnail alignleft\" src=\"https:\/\/vpd-mettmann.de\/wp-content\/uploads\/2023\/04\/Bild-Cordula-Prinz-150x150.jpg\" alt=\"Cordula Prinz\" width=\"150\" height=\"150\" \/><\/a><\/p>\n<p>&nbsp;<\/p>\n<p>&nbsp;<\/p>\n<p>&nbsp;<\/p>\n<p>&nbsp;<\/p>\n<p><a href=\"mailto:cordula.prinz@vpd-mettmann.de\">cordula.prinz@vpd-mettmann.de<\/a><br \/>\nTel.: +49 (0)2173 \/ 89 31 11 77<\/p>\n<p>&nbsp;<\/p>\n<p style=\"text-align: left;\"><strong>Wir unterliegen der Schweigepflicht!<\/strong><\/p>\n<p><strong>Flyer:<\/strong><\/p>\n<p><a href=\"https:\/\/vpd-mettmann.de\/wp-content\/uploads\/2025\/08\/Angehoerigengruppe_2024-1-1.pdf\">Angeh\u00f6rigengruppe<\/a><\/p>\n<p>&nbsp;<\/p>\n","protected":false},"excerpt":{"rendered":"<p>Angebot: Seit vielen Jahren begleitet der VPD eine Angeh\u00f6rigengruppe, in der Familienangeh\u00f6rige, Bekannte und Freunde von psychisch erkrankten Menschen teilnehmen k\u00f6nnen. Wer kann mitmachen: Familienangeh\u00f6rige, Freunde, Bekannte von psychisch erkrankten Menschen \u00d6ffnungszeiten: In der Regel jeden 3. Donnerstag im Monat von 18.00 Uhr bis 20.00 Uhr. * Im August 2026 machen auch wir eine Sommerpause und die Angeh\u00f6rigengruppe f\u00e4llt in diesem Monat aus. * Im Dezember 2026 findet ausnahmsweise die Angeh\u00f6rigengruppe bereits am 2. Donnerstag statt (10.12.2026). Adresse: VPD Tagesst\u00e4tte&#8230;<\/p>\n<p class=\"read-more\"><a class=\"btn btn-default\" href=\"https:\/\/vpd-mettmann.de\/?page_id=1923\">Weiterlesen<span class=\"screen-reader-text\"> Weiterlesen<\/span><\/a><\/p>\n","protected":false},"author":4,"featured_media":0,"parent":211,"menu_order":0,"comment_status":"closed","ping_status":"closed","template":"","meta":{"footnotes":""},"class_list":["post-1923","page","type-page","status-publish","hentry"],"_links":{"self":[{"href":"https:\/\/vpd-mettmann.de\/index.php?rest_route=\/wp\/v2\/pages\/1923","targetHints":{"allow":["GET"]}}],"collection":[{"href":"https:\/\/vpd-mettmann.de\/index.php?rest_route=\/wp\/v2\/pages"}],"about":[{"href":"https:\/\/vpd-mettmann.de\/index.php?rest_route=\/wp\/v2\/types\/page"}],"author":[{"embeddable":true,"href":"https:\/\/vpd-mettmann.de\/index.php?rest_route=\/wp\/v2\/users\/4"}],"replies":[{"embeddable":true,"href":"https:\/\/vpd-mettmann.de\/index.php?rest_route=%2Fwp%2Fv2%2Fcomments&post=1923"}],"version-history":[{"count":51,"href":"https:\/\/vpd-mettmann.de\/index.php?rest_route=\/wp\/v2\/pages\/1923\/revisions"}],"predecessor-version":[{"id":4317,"href":"https:\/\/vpd-mettmann.de\/index.php?rest_route=\/wp\/v2\/pages\/1923\/revisions\/4317"}],"up":[{"embeddable":true,"href":"https:\/\/vpd-mettmann.de\/index.php?rest_route=\/wp\/v2\/pages\/211"}],"wp:attachment":[{"href":"https:\/\/vpd-mettmann.de\/index.php?rest_route=%2Fwp%2Fv2%2Fmedia&parent=1923"}],"curies":[{"name":"wp","href":"https:\/\/api.w.org\/{rel}","templated":true}]}}